{"id":860,"date":"2017-12-12T22:25:25","date_gmt":"2017-12-12T22:25:25","guid":{"rendered":"http:\/\/cancortes.com\/menus\/menu-infantil\/"},"modified":"2025-09-08T11:07:23","modified_gmt":"2025-09-08T11:07:23","slug":"menu-infantil","status":"publish","type":"page","link":"https:\/\/cancortes.com\/es\/menus\/menu-infantil\/","title":{"rendered":"MENU INFANTIL"},"content":{"rendered":"<p><div class=\"fusion-fullwidth fullwidth-box fusion-builder-row-1 nonhundred-percent-fullwidth non-hundred-percent-height-scrolling\" style=\"--awb-border-radius-top-left:0px;--awb-border-radius-top-right:0px;--awb-border-radius-bottom-right:0px;--awb-border-radius-bottom-left:0px;--awb-padding-top:0px;--awb-padding-right:0px;--awb-padding-bottom:0px;--awb-padding-left:0px;--awb-margin-bottom:0px;--awb-flex-wrap:wrap;\" ><div class=\"fusion-builder-row fusion-row\"><div class=\"fusion-layout-column fusion_builder_column fusion-builder-column-0 fusion_builder_column_1_1 1_1 fusion-one-full fusion-column-first fusion-column-last\" style=\"--awb-bg-size:cover;--awb-margin-bottom:0px;\"><div class=\"fusion-column-wrapper fusion-flex-column-wrapper-legacy\"><div class=\"fusion-title title fusion-title-1 fusion-sep-none fusion-title-center fusion-title-text fusion-title-size-one titol-gris\" style=\"--awb-margin-top:20px;\"><h1 class=\"fusion-title-heading title-heading-center\" style=\"margin:0;\">MEN\u00da INFANTIL CON ESPACIO DE JUEGO EN CAN CORT\u00c8S<\/h1><\/div><div class=\"fusion-title title fusion-title-2 fusion-sep-none fusion-title-center fusion-title-text fusion-title-size-two titol-gris1-border\" style=\"--awb-margin-top:20px;\"><h2 class=\"fusion-title-heading title-heading-center\" style=\"margin:0;\">Can Cort\u00e8s es el para\u00edso de las familias con ni\u00f1os!<\/h2><\/div><div class=\"fusion-text fusion-text-1\" style=\"--awb-text-transform:none;\"><p id=\"tw-target-text\" class=\"tw-data-text tw-text-large tw-ta\" dir=\"ltr\" data-placeholder=\"Traducci\u00f3n\" data-ved=\"2ahUKEwj9lafgsM2DAxVhRKQEHWAcDPkQ3ewLegQIBRAQ\"><span class=\"Y2IQFc\" lang=\"es\">Imagine que sus hijos pueden disfrutar de los platos que m\u00e1s les gusta, y al terminar pueden jugar en nuestro Espacio Infantil con m\u00e1s de 600 m2 de zona de juego de hierba artificial para pasar un gran rato con la tutela y supervisi\u00f3n de los padres y familiares. Ellos juegan y ustedes pueden disfrutar de la sobremesa! <\/span><\/p>\n<p class=\"tw-data-text tw-text-large tw-ta\" dir=\"ltr\" data-placeholder=\"Traducci\u00f3n\" data-ved=\"2ahUKEwj9lafgsM2DAxVhRKQEHWAcDPkQ3ewLegQIBRAQ\"><span class=\"Y2IQFc\" lang=\"es\">Men\u00fa Infantil disponible todos los mediod\u00edas de 13h a 16h. <\/span><\/p>\n<p class=\"tw-data-text tw-text-large tw-ta\" dir=\"ltr\" data-placeholder=\"Traducci\u00f3n\" data-ved=\"2ahUKEwj9lafgsM2DAxVhRKQEHWAcDPkQ3ewLegQIBRAQ\"><strong><span class=\"Y2IQFc\" lang=\"es\">ESTAMOS ABIERTOS DE MARTES A DOMINGOS Y FESTIVOS, con cocina abierta de 9:30h a 16h, \u00a1os esperamos! <\/span><\/strong><\/p>\n<p class=\"tw-data-text tw-text-large tw-ta\" dir=\"ltr\" data-placeholder=\"Traducci\u00f3n\" data-ved=\"2ahUKEwj9lafgsM2DAxVhRKQEHWAcDPkQ3ewLegQIBRAQ\"><strong><span class=\"Y2IQFc\" lang=\"es\">Precio Men\u00fa Infantil: 18 Euros Iva incluido.<\/span><\/strong><\/p>\n<\/div><div class=\"fusion-clearfix\"><\/div><\/div><\/div><\/div><\/div><div class=\"fusion-fullwidth fullwidth-box fusion-builder-row-2 nonhundred-percent-fullwidth non-hundred-percent-height-scrolling fusion-equal-height-columns\" style=\"--awb-border-radius-top-left:0px;--awb-border-radius-top-right:0px;--awb-border-radius-bottom-right:0px;--awb-border-radius-bottom-left:0px;--awb-margin-top:0px;--awb-margin-bottom:0px;--awb-flex-wrap:wrap;\" ><div class=\"fusion-builder-row fusion-row\"><div class=\"fusion-layout-column fusion_builder_column fusion-builder-column-1 fusion_builder_column_1_1 1_1 fusion-one-full fusion-column-first fusion-column-last\" style=\"--awb-bg-size:cover;--awb-border-color:#dddddd;--awb-border-top:2px;--awb-border-right:2px;--awb-border-bottom:2px;--awb-border-left:2px;--awb-border-style:solid;\"><div class=\"fusion-column-wrapper fusion-flex-column-wrapper-legacy\"><div class=\"fusion-title title fusion-title-3 fusion-sep-none fusion-title-center fusion-title-text fusion-title-size-two titol-menu\"><h2 class=\"fusion-title-heading title-heading-center\" style=\"margin:0;\">Men\u00fa Infantil<\/h2><\/div><div class=\"fusion-text fusion-text-2\" style=\"--awb-text-transform:none;\"><p id=\"tw-target-text\" class=\"tw-data-text tw-text-large tw-ta\" dir=\"ltr\" style=\"text-align: center;\" data-placeholder=\"Traducci\u00f3n\" data-ved=\"2ahUKEwj9lafgsM2DAxVhRKQEHWAcDPkQ3ewLegQIBRAQ\"><span class=\"Y2IQFc\" lang=\"es\">Si sufre alguna intolerancia contacte con el camarero. Ver los alergenos de cada plato indicado entre (), la leyenda est\u00e1 al final de la p\u00e1gina. Men\u00fa incluye plato combinado con primero, segundo, postre y bebida.<\/span><\/p>\n<p class=\"tw-data-text tw-text-large tw-ta\" dir=\"ltr\" style=\"text-align: center;\" data-placeholder=\"Traducci\u00f3n\" data-ved=\"2ahUKEwj9lafgsM2DAxVhRKQEHWAcDPkQ3ewLegQIBRAQ\"><strong><span class=\"Y2IQFc\" lang=\"es\">Precio: 18 \u20ac IVA incluido. <\/span><\/strong><\/p>\n<p class=\"tw-data-text tw-text-large tw-ta\" dir=\"ltr\" style=\"text-align: center;\" data-placeholder=\"Traducci\u00f3n\" data-ved=\"2ahUKEwj9lafgsM2DAxVhRKQEHWAcDPkQ3ewLegQIBRAQ\"><strong><span class=\"Y2IQFc\" lang=\"es\">ESCOGE TU ENTRANTE<\/span><\/strong><\/p>\n<p class=\"tw-data-text tw-text-large tw-ta\" dir=\"ltr\" style=\"text-align: center;\" data-placeholder=\"Traducci\u00f3n\" data-ved=\"2ahUKEwj9lafgsM2DAxVhRKQEHWAcDPkQ3ewLegQIBRAQ\"><span class=\"Y2IQFc\" lang=\"es\">ARROZ CON TOMATE FRITO <\/span><\/p>\n<p class=\"tw-data-text tw-text-large tw-ta\" dir=\"ltr\" style=\"text-align: center;\" data-placeholder=\"Traducci\u00f3n\" data-ved=\"2ahUKEwj9lafgsM2DAxVhRKQEHWAcDPkQ3ewLegQIBRAQ\"><span class=\"Y2IQFc\" lang=\"es\">MACARRONES ALA BOLO\u00d1ESA (1) <\/span><\/p>\n<p class=\"tw-data-text tw-text-large tw-ta\" dir=\"ltr\" style=\"text-align: center;\" data-placeholder=\"Traducci\u00f3n\" data-ved=\"2ahUKEwj9lafgsM2DAxVhRKQEHWAcDPkQ3ewLegQIBRAQ\"><strong><span class=\"Y2IQFc\" lang=\"es\">&#8230;Y UN PRINCIPAL CON PATATAS FRITAS <\/span><\/strong><\/p>\n<p class=\"tw-data-text tw-text-large tw-ta\" dir=\"ltr\" style=\"text-align: center;\" data-placeholder=\"Traducci\u00f3n\" data-ved=\"2ahUKEwj9lafgsM2DAxVhRKQEHWAcDPkQ3ewLegQIBRAQ\"><span class=\"Y2IQFc\" lang=\"es\">PECHUGA DE POLLO REBOZADO (1)(3) <\/span><\/p>\n<p class=\"tw-data-text tw-text-large tw-ta\" dir=\"ltr\" style=\"text-align: center;\" data-placeholder=\"Traducci\u00f3n\" data-ved=\"2ahUKEwj9lafgsM2DAxVhRKQEHWAcDPkQ3ewLegQIBRAQ\"><span class=\"Y2IQFc\" lang=\"es\">SALSICHAS A LA BRASA (7) <\/span><\/p>\n<p class=\"tw-data-text tw-text-large tw-ta\" dir=\"ltr\" style=\"text-align: center;\" data-placeholder=\"Traducci\u00f3n\" data-ved=\"2ahUKEwj9lafgsM2DAxVhRKQEHWAcDPkQ3ewLegQIBRAQ\"><strong><span class=\"Y2IQFc\" lang=\"es\">POSTRE A ESCOGER <\/span><\/strong><\/p>\n<p class=\"tw-data-text tw-text-large tw-ta\" dir=\"ltr\" style=\"text-align: center;\" data-placeholder=\"Traducci\u00f3n\" data-ved=\"2ahUKEwj9lafgsM2DAxVhRKQEHWAcDPkQ3ewLegQIBRAQ\"><span class=\"Y2IQFc\" lang=\"es\">YOGUR NATURAL (7) <\/span><\/p>\n<p class=\"tw-data-text tw-text-large tw-ta\" dir=\"ltr\" style=\"text-align: center;\" data-placeholder=\"Traducci\u00f3n\" data-ved=\"2ahUKEwj9lafgsM2DAxVhRKQEHWAcDPkQ3ewLegQIBRAQ\"><span class=\"Y2IQFc\" lang=\"es\">PIEZA DE FRUTA <\/span><\/p>\n<p class=\"tw-data-text tw-text-large tw-ta\" dir=\"ltr\" style=\"text-align: center;\" data-placeholder=\"Traducci\u00f3n\" data-ved=\"2ahUKEwj9lafgsM2DAxVhRKQEHWAcDPkQ3ewLegQIBRAQ\"><span class=\"Y2IQFc\" lang=\"es\">TERRINA DE HELADO (7) <\/span><\/p>\n<p class=\"tw-data-text tw-text-large tw-ta\" dir=\"ltr\" style=\"text-align: center;\" data-placeholder=\"Traducci\u00f3n\" data-ved=\"2ahUKEwj9lafgsM2DAxVhRKQEHWAcDPkQ3ewLegQIBRAQ\"><strong><span class=\"Y2IQFc\" lang=\"es\">BEBIDA A ESCOGER <\/span><\/strong><\/p>\n<p class=\"tw-data-text tw-text-large tw-ta\" dir=\"ltr\" style=\"text-align: center;\" data-placeholder=\"Traducci\u00f3n\" data-ved=\"2ahUKEwj9lafgsM2DAxVhRKQEHWAcDPkQ3ewLegQIBRAQ\"><span class=\"Y2IQFc\" lang=\"es\">AGUA MINERAL o REFRESCO <\/span><\/p>\n<p class=\"tw-data-text tw-text-large tw-ta\" dir=\"ltr\" style=\"text-align: center;\" data-placeholder=\"Traducci\u00f3n\" data-ved=\"2ahUKEwj9lafgsM2DAxVhRKQEHWAcDPkQ3ewLegQIBRAQ\"><span class=\"Y2IQFc\" lang=\"es\"><strong>Al\u00e9rgenos<\/strong>: 1.Cereales gluten, 2.Crust\u00e1ceos, 3.Huevo, 4.Pescado, 5.Cacahuetes, 6. Soja, 7.Leche, 8.Frutos de caparaz\u00f3n, 9.Api, 10.Mostaza, 11.S\u00e9samo , 12. .Sulfitos, 13. Moluscos y 14.Altramuces.<\/span><\/p>\n<\/div><div class=\"fusion-clearfix\"><\/div><\/div><\/div><\/div><\/div><div class=\"fusion-fullwidth fullwidth-box fusion-builder-row-3 nonhundred-percent-fullwidth non-hundred-percent-height-scrolling\" style=\"--awb-border-radius-top-left:0px;--awb-border-radius-top-right:0px;--awb-border-radius-bottom-right:0px;--awb-border-radius-bottom-left:0px;--awb-flex-wrap:wrap;\" ><div class=\"fusion-builder-row fusion-row\"><div class=\"fusion-layout-column fusion_builder_column fusion-builder-column-2 fusion_builder_column_1_1 1_1 fusion-one-full fusion-column-first fusion-column-last\" style=\"--awb-bg-size:cover;\"><div class=\"fusion-column-wrapper fusion-flex-column-wrapper-legacy\"><div class=\"fusion-text fusion-text-3\"><\/div><div class=\"fusion-clearfix\"><\/div><\/div><\/div><\/div><\/div><\/p>\n","protected":false},"excerpt":{"rendered":"","protected":false},"author":1,"featured_media":0,"parent":304,"menu_order":7,"comment_status":"closed","ping_status":"closed","template":"side-navigation.php","meta":{"_monsterinsights_skip_tracking":false,"_monsterinsights_sitenote_active":false,"_monsterinsights_sitenote_note":"","_monsterinsights_sitenote_category":0,"footnotes":""},"class_list":["post-860","page","type-page","status-publish","hentry"],"_links":{"self":[{"href":"https:\/\/cancortes.com\/es\/wp-json\/wp\/v2\/pages\/860","targetHints":{"allow":["GET"]}}],"collection":[{"href":"https:\/\/cancortes.com\/es\/wp-json\/wp\/v2\/pages"}],"about":[{"href":"https:\/\/cancortes.com\/es\/wp-json\/wp\/v2\/types\/page"}],"author":[{"embeddable":true,"href":"https:\/\/cancortes.com\/es\/wp-json\/wp\/v2\/users\/1"}],"replies":[{"embeddable":true,"href":"https:\/\/cancortes.com\/es\/wp-json\/wp\/v2\/comments?post=860"}],"version-history":[{"count":58,"href":"https:\/\/cancortes.com\/es\/wp-json\/wp\/v2\/pages\/860\/revisions"}],"predecessor-version":[{"id":28510,"href":"https:\/\/cancortes.com\/es\/wp-json\/wp\/v2\/pages\/860\/revisions\/28510"}],"up":[{"embeddable":true,"href":"https:\/\/cancortes.com\/es\/wp-json\/wp\/v2\/pages\/304"}],"wp:attachment":[{"href":"https:\/\/cancortes.com\/es\/wp-json\/wp\/v2\/media?parent=860"}],"curies":[{"name":"wp","href":"https:\/\/api.w.org\/{rel}","templated":true}]}}