{"id":7693,"date":"2020-12-06T21:33:16","date_gmt":"2020-12-06T21:33:16","guid":{"rendered":"http:\/\/cancortes.com\/?page_id=7693"},"modified":"2026-04-17T08:21:46","modified_gmt":"2026-04-17T08:21:46","slug":"carta","status":"publish","type":"page","link":"https:\/\/cancortes.com\/es\/menus\/carta\/","title":{"rendered":"CARTA"},"content":{"rendered":"<p><div class=\"fusion-fullwidth fullwidth-box fusion-builder-row-1 nonhundred-percent-fullwidth non-hundred-percent-height-scrolling\" style=\"--awb-border-radius-top-left:0px;--awb-border-radius-top-right:0px;--awb-border-radius-bottom-right:0px;--awb-border-radius-bottom-left:0px;--awb-padding-top:0px;--awb-padding-right:0px;--awb-padding-bottom:0px;--awb-padding-left:0px;--awb-margin-bottom:0px;--awb-flex-wrap:wrap;\" ><div class=\"fusion-builder-row fusion-row\"><div class=\"fusion-layout-column fusion_builder_column fusion-builder-column-0 fusion_builder_column_1_1 1_1 fusion-one-full fusion-column-first fusion-column-last\" style=\"--awb-bg-blend:overlay;--awb-bg-size:cover;--awb-margin-bottom:0px;\"><div class=\"fusion-column-wrapper fusion-flex-column-wrapper-legacy\"><div class=\"fusion-title title fusion-title-1 fusion-sep-none fusion-title-center fusion-title-text fusion-title-size-one titol-gris\" style=\"--awb-margin-top:20px;\"><h1 class=\"fusion-title-heading title-heading-center\" style=\"margin:0;\">CARTA<\/h1><\/div><div class=\"fusion-title title fusion-title-2 fusion-sep-none fusion-title-center fusion-title-text fusion-title-size-two titol-gris1-border\" style=\"--awb-margin-top:20px;\"><h2 class=\"fusion-title-heading title-heading-center\" style=\"margin:0;\">CARTA DE CAN CORTES, lo mejor de cada temporada junto\u00a0 con nuestros cl\u00e1sicos<\/h2><\/div><div class=\"fusion-text fusion-text-1\" style=\"--awb-text-transform:none;\"><p><strong>CARTA CAN CORTES: nuevos platos, nuevos ingredientes, m\u00e1s sabor! VEN A PROBARLO, TE SORPRENDER\u00c1!<\/strong><\/p>\n<p>Y como siempre, s\u00f3lo nosotros te ofrecemos el momento de tranquilidad que necesitas para comer: platos caseros catalanes, rodeado de naturaleza y de paz, y en s\u00f3lo 5 minutos de Barcelona.<\/p>\n<p><strong>COCINA ABIERTA DE MARTES A DOMINGO DE 9.30h a 16h\u00a0<\/strong><\/p>\n<\/div><div class=\"fusion-clearfix\"><\/div><\/div><\/div><\/div><\/div><div class=\"fusion-fullwidth fullwidth-box fusion-builder-row-2 nonhundred-percent-fullwidth non-hundred-percent-height-scrolling fusion-equal-height-columns\" style=\"--awb-border-radius-top-left:0px;--awb-border-radius-top-right:0px;--awb-border-radius-bottom-right:0px;--awb-border-radius-bottom-left:0px;--awb-margin-top:0px;--awb-margin-bottom:0px;--awb-flex-wrap:wrap;\" ><div class=\"fusion-builder-row fusion-row\"><div class=\"fusion-layout-column fusion_builder_column fusion-builder-column-1 fusion_builder_column_1_1 1_1 fusion-one-full fusion-column-first fusion-column-last\" style=\"--awb-bg-blend:overlay;--awb-bg-size:cover;--awb-border-color:#dddddd;--awb-border-top:2px;--awb-border-right:2px;--awb-border-bottom:2px;--awb-border-left:2px;--awb-border-style:solid;\"><div class=\"fusion-column-wrapper fusion-flex-column-wrapper-legacy\"><div class=\"fusion-title title fusion-title-3 fusion-sep-none fusion-title-center fusion-title-text fusion-title-size-two titol-menu\"><h2 class=\"fusion-title-heading title-heading-center\" style=\"margin:0;\">CARTA<\/h2><\/div><div class=\"fusion-text fusion-text-2\" style=\"--awb-text-transform:none;\"><h3 style=\"text-align: center;\">CARTA CAN CORTES<\/h3>\n<\/p>\n<p style=\"text-align: center;\"><strong>Disponible de Martes a Domingo y Festivos de 13h a 16h<\/strong><\/p>\n<\/p>\n<p style=\"text-align: center;\">Si padece alguna intolerancia contacte con el camarero, los al\u00e9rgenos de cada plato est\u00e1n indicados seg\u00fan la leyenda al final de la Carta.<\/p>\n<h3 style=\"text-align: center;\">SUGERENCIAS<\/h3>\n<\/p>\n<p style=\"text-align: center;\">BURRATA CON TOMATE, R\u00daCULA Y PESTO DE ALBAHACA\u00a0 \u00a0.7.8.\u00a0 \u00a0<strong>15,5 \u20ac<\/strong><\/p>\n<\/p>\n<p style=\"text-align: center;\">TIMBAL DE ESQUEIXADA DE BACALAO CON POLVO DE ACEITUNAS NEGRAS\u00a0 .4.\u00a0 <strong>16 \u20ac<\/strong><\/p>\n<\/p>\n<p style=\"text-align: center;\">TOMATE GOURMET CON VENTRESCA DE AT\u00daN Y CEBOLLA\u00a0 \u00a0 .4.\u00a0 \u00a0 <strong>17 \u20ac<\/strong><\/p>\n<\/p>\n<p style=\"text-align: center;\">TOSTADA DE ESCALIVADA CON ANCHOAS\u00a0 \u00a0 \u00a0.1.4.\u00a0 \u00a0 <strong>\u00a016 \u20ac<\/strong><\/p>\n<\/p>\n<p style=\"text-align: center;\">HUEVOS ESTRELLADOS CON JAM\u00d3N IB\u00c9RICO\u00a0 \u00a0 \u00a0.1.3.\u00a0 \u00a0 \u00a0<strong>13,5 \u20ac<\/strong><\/p>\n<\/p>\n<p style=\"text-align: center;\">CALAMARES A LA ANDALUZA\u00a0 \u00a0 \u00a0.1.4.\u00a0 \u00a0 \u00a0<strong>14 \u20ac<\/strong><\/p>\n<\/p>\n<p style=\"text-align: center;\">PIMIENTOS DEL PADR\u00d3N\u00a0 \u00a0 \u00a0.1.\u00a0 \u00a0 <strong>9 \u20ac<\/strong><\/p>\n<\/p>\n<p style=\"text-align: center;\">CAL\u00c7OTS EN TEMPURA CON ROMESCO CASERO\u00a0 \u00a0 \u00a0.1.8.\u00a0 \u00a0 \u00a0 <strong>15,9 \u20ac<\/strong><\/p>\n<\/p>\n<p style=\"text-align: center;\">ALCACHOFAS AL HORNO CON ROMESCO\u00a0 \u00a0.1.8.\u00a0 \u00a0 \u00a0<strong>14,9 \u20ac<\/strong><\/p>\n<\/p>\n<p style=\"text-align: center;\">ARROZ NEGRO CON ALL I OLI SUAVE DE LIMA\u00a0 \u00a0.2.3.4.14.\u00a0 \u00a0 <strong>\u00a016 \u20ac<\/strong><\/p>\n<\/p>\n<p style=\"text-align: center;\">STEAK TARTAR DE FILETE DE TERNERA CON TOSTADITAS\u00a0 \u00a0 .1.3.4.10.\u00a0 <strong>19,5 \u20ac<\/strong><\/p>\n<\/p>\n<p style=\"text-align: center;\">TERNASCO DE ARAG\u00d3N CON PATATAS EN SU JUGO\u00a0 \u00a0.14.\u00a0 \u00a0<strong>29 \u20ac<\/strong><\/p>\n<h3 style=\"text-align: center;\">ENTRANTES<\/h3>\n<\/p>\n<p style=\"text-align: center;\">\u00a0PATATAS \u00abBRAVAS\u00bb\u00a0 \u00a0 \u00a0.6.7.10.\u00a0 \u00a0<strong>7,9 \u20ac<\/strong><br \/>\nCROQUETAS DE IB\u00c9RICO (<span style=\"font-size: 8pt;\">6 UNIDADES<\/span>)\u00a0 \u00a0.1.3.7.\u00a0 \u00a0 <strong>12 \u20ac<\/strong><br \/>\nESP\u00c1RRAGOS A LA BRASA CON ROMESCO\u00a0 \u00a0 .1.8.14.\u00a0 \u00a0 <strong>14,5 \u20ac<\/strong><br \/>\nPARRILLADA DE VERDURAS\u00a0 \u00a0.1.8.14.\u00a0 \u00a0 <strong>14,5 \u20ac<\/strong><br \/>\nCARACOLES A LA LLAUNA CON ALL I OLI\u00a0 \u00a0 .1.3.\u00a0 \u00a0 <strong>17,5 \u20ac<\/strong><br \/>\nLINGOTE DE MICUIT DE FOIE CON MERMELADA Y TOSTADITAS\u00a0 \u00a0 .1.\u00a0 \u00a0<strong> 16,9 \u20ac<\/strong><br \/>\nJAM\u00d3N IB\u00c9RICO <span style=\"font-size: 10pt;\">D.O. EXTREMADURA\u00a0<\/span>\u00a0 \u00a0\u00a0<strong> \u00a022,5 \u20ac<\/strong><\/p>\n<h3 style=\"text-align: center;\">PRINCIPALES con TRADICI\u00d3N<\/h3>\n<\/p>\n<p style=\"text-align: center;\">CANEL\u00d3N<strong> XXL<\/strong> DE POLLO RUSTIDO, PASAS, CIRUELAS Y BECHAMEL TRUFADA\u00a0 \u00a0.1.7.8.14.\u00a0<strong> 17,9 \u20ac<\/strong><br \/>\nCANELONES DE CARNE DE LA MAS\u00cdA\u00a0 \u00a0 .1.7.\u00a0 \u00a0<strong> 16,5 \u20ac<\/strong><br \/>\nMILANESA DE TERNERA A LA NAPOLITANA GRATINADA\u00a0 \u00a0 .1.3.7.\u00a0 <strong>\u00a020,9 \u20ac<\/strong><br \/>\nBACALAO A LA LLAUNA CON JUD\u00cdAS\u00a0 \u00a0 .1.4.12.\u00a0 \u00a0<strong> 19,9 \u20ac<\/strong><br \/>\nBACALAO MUSELINA DE ALL I OLI Y CAMA DE TOMATE\u00a0 \u00a0 .1.3.4.7.\u00a0 \u00a0 <strong>19,9 \u20ac<br \/>\n<\/strong>SALM\u00d3N A LA PLANCHA CON VERDURITAS SALTEADAS AL WOK <strong>18,90 \u20ac<\/strong> .4.<strong><br \/>\n<\/strong><\/p>\n<h3 style=\"text-align: center;\">CARNES A LA BRASA<\/h3>\n<\/p>\n<p style=\"text-align: center;\">Guarnici\u00f3n de patata horno y jud\u00edas (seques!)<\/p>\n<\/p>\n<p style=\"text-align: center;\">POLLO A LA BRASA\u00a0 \u00a0 <strong>13,9 \u20ac<\/strong><br \/>\nBUTIFARRA DE VIC\u00a0 \u00a0<strong> 14,9 \u20ac<\/strong><br \/>\nPIES DE CERDO EN EL CAVA\u00a0 \u00a0<strong>16,9 \u20ac<\/strong><br \/>\nCONEJO A LA BRASA\u00a0 \u00a0 \u00a0 <strong>20,5 \u20ac<\/strong><br \/>\nCOSTILLAS Y MEDIANAS DE CORDERO DE TERUEL\u00a0 <strong>\u00a0 \u00a0 26,9 \u20ac<\/strong><br \/>\nSELECCI\u00d3N DE CARNES (<span style=\"font-size: 10pt;\">CORDERO, POLLO, BUTI VIC Y BUTI NEGRA<\/span>)\u00a0 \u00a0.7.\u00a0 \u00a0 <strong>22,5 \u20ac<\/strong><br \/>\nENTRECOT DE TERNERA\u00a0 \u00a0 \u00a0<strong>25,9 \u20ac<\/strong><br \/>\nSOLOMILLO DE TERNERA\u00a0 \u00a0 \u00a0 <strong>27,9 \u20ac<\/strong><br \/>\nCHULET\u00d3N DE TERNERA DE GIRONA\u00a0 \u00a0700 gr.\u00a0 \u00a0 \u00a0 <strong>35 \u20ac<\/strong><\/p>\n<h3 style=\"text-align: center;\">POSTRES CASEROS<\/h3>\n<\/p>\n<p style=\"text-align: center;\">CREMA CATALANA TRADICIONAL\u00a0 \u00a0.3.7.\u00a0 \u00a0 <strong>6 \u20ac<\/strong><br \/>\nMAT\u00d3 CON MIEL Y NUECES\u00a0 \u00a0 \u00a0.7.8.\u00a0 \u00a0 <strong>6,5 \u20ac<\/strong><br \/>\nTIRAMISU CON POLVO DE PISTACHO\u00a0 \u00a01.3.7.14\u00a0 \u00a0 <strong>7,5 \u20ac<\/strong><br \/>\nCOULANT DE CHOCOLATE CON HELADO DE VAINILLA\u00a0 \u00a0 .3.7.\u00a0 \u00a0<strong>\u00a07 \u20ac\u00a0<\/strong><br \/>\nTARTA DE QUESO DE LA ABUELA\u00a0 \u00a0 .1.3.7.\u00a0 \u00a0 <strong>7 \u20ac<\/strong><br \/>\nHELADO AL GUSTO: TURR\u00d3N, PISTACHO VAINILLA, FRESA, CHOCOLATE\u00a0 \u00a0.7.\u00a0 \u00a0<strong> 6 \u20ac<\/strong><br \/>\nSORBETE DE LIM\u00d3N\u00a0 \u00a0<strong> 6 \u20ac<br \/>\n<\/strong>CAF\u00c9 IRLAND\u00c9S\u00a0 \u00a0 .7.\u00a0 \u00a0<strong> 7,5 \u20ac<\/strong><\/p>\n<p><strong>Al\u00e9rgenos:<\/strong> 1.Cereales gluten, 2.Crust\u00e1ceos, 3.Huevo, 4.Pescado, 5.Cacahuetes, 6. Soja, 7.Leche, 8.Frutos de c\u00e1scara, 9.Apio, 10.Mostaza, 11.S\u00e9samo, 12. Moluscos, 13.Altramuces y 14. Sulfitos.<\/p>\n<\/div><div class=\"fusion-clearfix\"><\/div><\/div><\/div><\/div><\/div><\/p>\n","protected":false},"excerpt":{"rendered":"","protected":false},"author":1,"featured_media":0,"parent":304,"menu_order":6,"comment_status":"closed","ping_status":"closed","template":"side-navigation.php","meta":{"_monsterinsights_skip_tracking":false,"_monsterinsights_sitenote_active":false,"_monsterinsights_sitenote_note":"","_monsterinsights_sitenote_category":0,"footnotes":""},"class_list":["post-7693","page","type-page","status-publish","hentry"],"_links":{"self":[{"href":"https:\/\/cancortes.com\/es\/wp-json\/wp\/v2\/pages\/7693","targetHints":{"allow":["GET"]}}],"collection":[{"href":"https:\/\/cancortes.com\/es\/wp-json\/wp\/v2\/pages"}],"about":[{"href":"https:\/\/cancortes.com\/es\/wp-json\/wp\/v2\/types\/page"}],"author":[{"embeddable":true,"href":"https:\/\/cancortes.com\/es\/wp-json\/wp\/v2\/users\/1"}],"replies":[{"embeddable":true,"href":"https:\/\/cancortes.com\/es\/wp-json\/wp\/v2\/comments?post=7693"}],"version-history":[{"count":391,"href":"https:\/\/cancortes.com\/es\/wp-json\/wp\/v2\/pages\/7693\/revisions"}],"predecessor-version":[{"id":28915,"href":"https:\/\/cancortes.com\/es\/wp-json\/wp\/v2\/pages\/7693\/revisions\/28915"}],"up":[{"embeddable":true,"href":"https:\/\/cancortes.com\/es\/wp-json\/wp\/v2\/pages\/304"}],"wp:attachment":[{"href":"https:\/\/cancortes.com\/es\/wp-json\/wp\/v2\/media?parent=7693"}],"curies":[{"name":"wp","href":"https:\/\/api.w.org\/{rel}","templated":true}]}}