{"id":639,"date":"2017-10-19T19:22:31","date_gmt":"2017-10-19T19:22:31","guid":{"rendered":"http:\/\/cancortes.com\/menus\/menu-diario\/"},"modified":"2026-05-17T07:07:49","modified_gmt":"2026-05-17T07:07:49","slug":"menu-diario","status":"publish","type":"page","link":"https:\/\/cancortes.com\/es\/menus\/menu-diario\/","title":{"rendered":"MENU DIARIO"},"content":{"rendered":"<p><div class=\"fusion-fullwidth fullwidth-box fusion-builder-row-1 nonhundred-percent-fullwidth non-hundred-percent-height-scrolling\" style=\"--awb-border-radius-top-left:0px;--awb-border-radius-top-right:0px;--awb-border-radius-bottom-right:0px;--awb-border-radius-bottom-left:0px;--awb-padding-top:0px;--awb-padding-right:0px;--awb-padding-bottom:0px;--awb-padding-left:0px;--awb-margin-bottom:0px;--awb-flex-wrap:wrap;\" ><div class=\"fusion-builder-row fusion-row\"><div class=\"fusion-layout-column fusion_builder_column fusion-builder-column-0 fusion_builder_column_1_1 1_1 fusion-one-full fusion-column-first fusion-column-last\" style=\"--awb-bg-blend:overlay;--awb-bg-size:cover;--awb-margin-bottom:0px;\"><div class=\"fusion-column-wrapper fusion-flex-column-wrapper-legacy\"><div class=\"fusion-title title fusion-title-1 fusion-sep-none fusion-title-center fusion-title-text fusion-title-size-one titol-gris\" style=\"--awb-margin-top:20px;\"><h1 class=\"fusion-title-heading title-heading-center\" style=\"margin:0;\">MEN\u00da DIARIO DE CAN CORT\u00c9S<\/h1><\/div><div class=\"fusion-title title fusion-title-2 fusion-sep-none fusion-title-center fusion-title-text fusion-title-size-two titol-gris1-border\" style=\"--awb-margin-top:20px;\"><h2 class=\"fusion-title-heading title-heading-center\" style=\"margin:0;\">MEN\u00da DIARIO CAN CORT\u00c8S, cocina catalana casera por solo 17,9 \u20ac !<\/h2><\/div><div class=\"fusion-text fusion-text-1\" style=\"--awb-text-transform:none;\"><p><strong>MENU DIARIO CAN CORTES de MARTES a VIERNES no festivos, con platos como los de la abuela !!!<\/strong><\/p>\n<p>Nuestro Men\u00fa Diario ahora con m\u00e1s opciones de platos y con opciones saludables, complementados con una nueva oferta de platos gourmets con suplemento para personalizar al m\u00e1ximo tu men\u00fa!<\/p>\n<p>Y como siempre, s\u00f3lo nosotros te ofrecemos el momento de tranquilidad que necesitas para el almuerzo: platos caseros catalanes, rodeado de naturaleza y de paz, ya s\u00f3lo 5 minutos de Barcelona.<\/p>\n<p>Disponible de Lunes a Viernes no festivos de 13h hasta 16h, que cierra cocina.<\/p>\n<p><strong>CAN CORTES ABRE de 9:30h a 16h de MARTES A VIERNES<\/strong><\/p>\n<p><strong>ACCEDE AQUI AL MENU DIARIO ACTUALITZADO SEMANALMENTE:\u00a0<\/strong><\/p>\n<p><a href=\"https:\/\/menuaqui.com\/cancortes\/\">https:\/\/menuaqui.com\/cancortes\/<\/a><\/p>\n<p>&nbsp;<\/p>\n<\/div><div class=\"fusion-clearfix\"><\/div><\/div><\/div><\/div><\/div><div class=\"fusion-fullwidth fullwidth-box fusion-builder-row-2 nonhundred-percent-fullwidth non-hundred-percent-height-scrolling fusion-equal-height-columns\" style=\"--awb-border-radius-top-left:0px;--awb-border-radius-top-right:0px;--awb-border-radius-bottom-right:0px;--awb-border-radius-bottom-left:0px;--awb-margin-top:0px;--awb-margin-bottom:0px;--awb-flex-wrap:wrap;\" ><div class=\"fusion-builder-row fusion-row\"><div class=\"fusion-layout-column fusion_builder_column fusion-builder-column-1 fusion_builder_column_1_1 1_1 fusion-one-full fusion-column-first fusion-column-last\" style=\"--awb-bg-blend:overlay;--awb-bg-size:cover;--awb-border-color:#dddddd;--awb-border-top:2px;--awb-border-right:2px;--awb-border-bottom:2px;--awb-border-left:2px;--awb-border-style:solid;\"><div class=\"fusion-column-wrapper fusion-flex-column-wrapper-legacy\"><div class=\"fusion-title title fusion-title-3 fusion-sep-none fusion-title-center fusion-title-text fusion-title-size-two titol-menu\"><h2 class=\"fusion-title-heading title-heading-center\" style=\"margin:0;\">MENU DIARIO<\/h2><\/div><div class=\"fusion-text fusion-text-2\" style=\"--awb-text-transform:none;\"><h3 style=\"text-align: center;\"><span style=\"font-size: 14pt;\">MENU DIARIO<\/span><\/h3>\n<\/p>\n<p style=\"text-align: center;\"><span style=\"font-size: 14pt;\"><b>V\u00e1lido de Martes a Viernes de 13h a 16h no festivos<\/b><\/span><br \/>\n<span style=\"font-size: 12pt;\">Si padece alguna intolerancia contacte con el camarero, los al\u00e9rgenos de cada plato est\u00e1n indicados en cada plato, ver la leyenda de al\u00e9rgenos al final de la p\u00e1gina. La gastronom\u00eda podr\u00eda variar, con sustituci\u00f3n por platos similares<\/span><br \/>\n<span style=\"font-size: 14pt;\">Incluye 1 pan y 1 bebida a elegir (refresco, copa de cerveza, copa de vino o agua).\u00a0 <\/span><span style=\"color: #000000; background-color: #ffffff;\"><em>Bebida extra se factura aparte.\u00a0 \u00a0 <strong>All i oli +1,5 \u20ac<\/strong><\/em><\/span><\/p>\n<\/p>\n<p style=\"text-align: center;\"><span style=\"font-size: 14pt;\"><strong>Precio: 17,9 \u20ac IVA incluido.<\/strong><\/span><\/p>\n<p><strong>__Primeros platos__<\/strong><\/p>\n<ul>\n<li>VICHYSSOISE CON CRUJIENTE DE JAM\u00d3N .1.7.<\/li>\n<li>ENSALADA CON QUESO FETA, TOMATE, CEBOLLA Y PEPINO<\/li>\n<li>HUMUS DE GARBANZOS CON BERENJENA CRUJIENTE Y TIERRA DE OLIVAS NEGRAS .1..<\/li>\n<li>REVUELTO DE GAMBAS Y ESP\u00c1RRAGOS VERDES<\/li>\n<li>FIDEUA A LA MARINERA .1.2.4.<\/li>\n<li>RISOTTO DE ESPINACAS Y QUESO DE CABRA .7.<\/li>\n<li>CARACOLES A LA LLAUNA +5\u20ac .1.14.<\/li>\n<\/ul>\n<p><strong style=\"font-size: 16px;\">__Segundos platos_<\/strong><\/p>\n<ul>\n<li>PALPIS DE CORDERO A LA PLANCHA CON PATATAS FRITAS Y PADR\u00d3N<\/li>\n<li>WOK DE FIDEOS CHINOS, POLLO Y VERDURAS .1.4.14.<\/li>\n<li>TERNERA AL CURRY ROJO CON ARROZ BASMATI .14.<\/li>\n<li>POLLO A LA PARRILLA CON PATATAS GAJO Y TOMATE PROVENZAL<\/li>\n<li>BUTIFARRA DE VIC CON ALUBIAS BLANCAS Y PATATA CALIU<\/li>\n<li>BACALAO A LA LLAUNA +4\u20ac .1.4.<\/li>\n<li>ENTRECOT A LA BRASA CON CHIMICHURRI +5\u20ac<\/li>\n<\/ul>\n<p><strong>__Los Postres__<\/strong><\/p>\n<ul>\n<li>CREMA CATALANA TRADICIONAL .3.7.<\/li>\n<li>PASTEL DEL D\u00cdA .1.3.7.<\/li>\n<li>PERAS AL VINO .14.<\/li>\n<li>MEDIO GIN-T\u00d3NIC DE TANQUERAI +2\u20ac<\/li>\n<li>CAF\u00c9 IRLAND\u00c9S +3\u20ac .7.<\/li>\n<\/ul>\n<p><strong style=\"font-size: 16px;\">Al\u00e9rgenos<\/strong><span style=\"font-size: 16px;\">: 1. Cereales gluten, 2. Crust\u00e1ceos, 3. Huevo, 4. Pescado,\u00a0 5.Cacahuetes, 6. Soja, 7. Leche, 8. Frutos de c\u00e1scara, 9. Apio, 10.Mostaza, 11. S\u00e9samo, 12. Moluscos, 13. Altramuces y 14. Sulfito<\/span><\/p>\n<\/div><div class=\"fusion-clearfix\"><\/div><\/div><\/div><\/div><\/div><\/p>\n","protected":false},"excerpt":{"rendered":"","protected":false},"author":1,"featured_media":0,"parent":304,"menu_order":2,"comment_status":"closed","ping_status":"closed","template":"side-navigation.php","meta":{"_monsterinsights_skip_tracking":false,"_monsterinsights_sitenote_active":false,"_monsterinsights_sitenote_note":"","_monsterinsights_sitenote_category":0,"footnotes":""},"class_list":["post-639","page","type-page","status-publish","hentry"],"_links":{"self":[{"href":"https:\/\/cancortes.com\/es\/wp-json\/wp\/v2\/pages\/639","targetHints":{"allow":["GET"]}}],"collection":[{"href":"https:\/\/cancortes.com\/es\/wp-json\/wp\/v2\/pages"}],"about":[{"href":"https:\/\/cancortes.com\/es\/wp-json\/wp\/v2\/types\/page"}],"author":[{"embeddable":true,"href":"https:\/\/cancortes.com\/es\/wp-json\/wp\/v2\/users\/1"}],"replies":[{"embeddable":true,"href":"https:\/\/cancortes.com\/es\/wp-json\/wp\/v2\/comments?post=639"}],"version-history":[{"count":1589,"href":"https:\/\/cancortes.com\/es\/wp-json\/wp\/v2\/pages\/639\/revisions"}],"predecessor-version":[{"id":28965,"href":"https:\/\/cancortes.com\/es\/wp-json\/wp\/v2\/pages\/639\/revisions\/28965"}],"up":[{"embeddable":true,"href":"https:\/\/cancortes.com\/es\/wp-json\/wp\/v2\/pages\/304"}],"wp:attachment":[{"href":"https:\/\/cancortes.com\/es\/wp-json\/wp\/v2\/media?parent=639"}],"curies":[{"name":"wp","href":"https:\/\/api.w.org\/{rel}","templated":true}]}}