{"id":304,"date":"2017-10-13T22:06:27","date_gmt":"2017-10-13T22:06:27","guid":{"rendered":"http:\/\/cancortes.com\/menus\/"},"modified":"2022-04-22T13:59:07","modified_gmt":"2022-04-22T13:59:07","slug":"menus","status":"publish","type":"page","link":"https:\/\/cancortes.com\/es\/menus\/","title":{"rendered":"MENUS"},"content":{"rendered":"<p><div class=\"fusion-fullwidth fullwidth-box fusion-builder-row-1 nonhundred-percent-fullwidth non-hundred-percent-height-scrolling\" style=\"--awb-border-radius-top-left:0px;--awb-border-radius-top-right:0px;--awb-border-radius-bottom-right:0px;--awb-border-radius-bottom-left:0px;--awb-padding-top:0px;--awb-padding-right:0px;--awb-padding-bottom:0px;--awb-padding-left:0px;--awb-flex-wrap:wrap;\" ><div class=\"fusion-builder-row fusion-row\"><div class=\"fusion-layout-column fusion_builder_column fusion-builder-column-0 fusion_builder_column_1_1 1_1 fusion-one-full fusion-column-first fusion-column-last\" style=\"--awb-bg-size:cover;\"><div class=\"fusion-column-wrapper fusion-flex-column-wrapper-legacy\"><div class=\"fusion-title title fusion-title-1 fusion-sep-none fusion-title-center fusion-title-text fusion-title-size-one titol-gris\" style=\"--awb-margin-top:20px;\"><h1 class=\"fusion-title-heading title-heading-center\" style=\"margin:0;\">LOS MEN\u00daS DE CAN CORT\u00c9S<\/h1><\/div><div class=\"fusion-text fusion-text-1\"><p>En Can Cort\u00e9s te ofrecemos un amplio abanico de men\u00fas con la mejor cocina catalana saludable con denominaci\u00f3n de origen. Podr\u00e1s bucear plenamente en la cultura y tradici\u00f3n de nuestra cocina. Son protagonistas los productos aut\u00f3ctonos, nuestros men\u00fas cocinados con paciencia y acierto. Adem\u00e1s, creemos firmemente en los ingredientes de temporada, que presentan sus mejor propiedades en diferentes \u00e9pocas del a\u00f1o y que nosotros incorporamos a la Carta y men\u00fas cuando les toca.<\/p>\n<p>Imag\u00ednese disfrutar de estos momentos y platos en un marco incomparable, en medio de Collserola, y a s\u00f3lo 5 minutos de Barcelona.<\/p>\n<p>Te proponemos una gastronomia catalana moderna en cada momento del dia:<\/p>\n<ul>\n<li>Esmorzars de Forquilla \/ Desayunos contundentes<\/li>\n<li>Men\u00fa Diario entre semana no festivos<\/li>\n<li>Men\u00fa Diario entre semana no festivos<\/li>\n<li>Men\u00fa Parrilla entre semana no festivos<\/li>\n<li>Men\u00fa Cal\u00e7otada (durante la temporada)<\/li>\n<li>Men\u00fa Temporada<\/li>\n<li>Men\u00fa Infantil<\/li>\n<li>Men\u00fa Celebraciones, para disfrutar de los grandes momentos familiares (Aniversarios, Comuniones, Bautizos, etc)<\/li>\n<li>Men\u00fa Boda<\/li>\n<\/ul>\n<\/div><div class=\"fusion-clearfix\"><\/div><\/div><\/div><\/div><\/div><div class=\"fusion-fullwidth fullwidth-box fusion-builder-row-2 nonhundred-percent-fullwidth non-hundred-percent-height-scrolling fusion-equal-height-columns\" style=\"--awb-border-radius-top-left:0px;--awb-border-radius-top-right:0px;--awb-border-radius-bottom-right:0px;--awb-border-radius-bottom-left:0px;--awb-flex-wrap:wrap;\" ><div class=\"fusion-builder-row fusion-row\"><div class=\"fusion-layout-column fusion_builder_column fusion-builder-column-1 fusion_builder_column_1_1 1_1 fusion-one-full fusion-column-first fusion-column-last\" style=\"--awb-bg-size:cover;\"><div class=\"fusion-column-wrapper fusion-flex-column-wrapper-legacy\"><div class=\"fusion-text fusion-text-2\" style=\"--awb-text-transform:none;\"><p>Ven a disfrutar de nuestros platos de Temporada y Menus en medio de la naturaleza, con unas vistas impresionantes ya tan s\u00f3lo 5 minutos de Barcelona y Sant Cugat del Vall\u00e8s.<\/p>\n<\/div><div class=\"fusion-image-element in-legacy-container\" style=\"--awb-caption-title-font-family:var(--h2_typography-font-family);--awb-caption-title-font-weight:var(--h2_typography-font-weight);--awb-caption-title-font-style:var(--h2_typography-font-style);--awb-caption-title-size:var(--h2_typography-font-size);--awb-caption-title-transform:var(--h2_typography-text-transform);--awb-caption-title-line-height:var(--h2_typography-line-height);--awb-caption-title-letter-spacing:var(--h2_typography-letter-spacing);\"><span class=\" fusion-imageframe imageframe-none imageframe-1 hover-type-none\"><img decoding=\"async\" width=\"1200\" height=\"440\" title=\"arros-can-cortes-slide-portada\" src=\"http:\/\/cancortes.com\/wp-content\/uploads\/2021\/11\/arros-can-cortes-slide-portada.jpg\" alt class=\"img-responsive wp-image-12717\" srcset=\"https:\/\/cancortes.com\/wp-content\/uploads\/2021\/11\/arros-can-cortes-slide-portada-200x73.jpg 200w, https:\/\/cancortes.com\/wp-content\/uploads\/2021\/11\/arros-can-cortes-slide-portada-400x147.jpg 400w, https:\/\/cancortes.com\/wp-content\/uploads\/2021\/11\/arros-can-cortes-slide-portada-600x220.jpg 600w, https:\/\/cancortes.com\/wp-content\/uploads\/2021\/11\/arros-can-cortes-slide-portada-800x293.jpg 800w, https:\/\/cancortes.com\/wp-content\/uploads\/2021\/11\/arros-can-cortes-slide-portada.jpg 1200w\" sizes=\"(max-width: 800px) 100vw, 1200px\" \/><\/span><\/div><div class=\"fusion-clearfix\"><\/div><\/div><\/div><\/div><\/div><div class=\"fusion-fullwidth fullwidth-box fusion-builder-row-3 nonhundred-percent-fullwidth non-hundred-percent-height-scrolling\" style=\"--awb-border-radius-top-left:0px;--awb-border-radius-top-right:0px;--awb-border-radius-bottom-right:0px;--awb-border-radius-bottom-left:0px;--awb-flex-wrap:wrap;\" ><div class=\"fusion-builder-row fusion-row\"><div class=\"fusion-layout-column fusion_builder_column fusion-builder-column-2 fusion_builder_column_1_1 1_1 fusion-one-full fusion-column-first fusion-column-last\" style=\"--awb-bg-size:cover;\"><div class=\"fusion-column-wrapper fusion-flex-column-wrapper-legacy\"><div class=\"fusion-title title fusion-title-2 fusion-sep-none fusion-title-center fusion-title-text fusion-title-size-two bkg-negre\" style=\"--awb-margin-top:20px;\"><h2 class=\"fusion-title-heading title-heading-center\" style=\"margin:0;\">Ven y elige tu momento con familiares y amigos eligiendo uno de nuestros men\u00fas<\/h2><\/div><div class=\"fusion-clearfix\"><\/div><\/div><\/div><\/div><\/div><\/p>\n","protected":false},"excerpt":{"rendered":"","protected":false},"author":1,"featured_media":0,"parent":0,"menu_order":0,"comment_status":"closed","ping_status":"closed","template":"side-navigation.php","meta":{"_monsterinsights_skip_tracking":false,"_monsterinsights_sitenote_active":false,"_monsterinsights_sitenote_note":"","_monsterinsights_sitenote_category":0,"footnotes":""},"class_list":["post-304","page","type-page","status-publish","hentry"],"_links":{"self":[{"href":"https:\/\/cancortes.com\/es\/wp-json\/wp\/v2\/pages\/304","targetHints":{"allow":["GET"]}}],"collection":[{"href":"https:\/\/cancortes.com\/es\/wp-json\/wp\/v2\/pages"}],"about":[{"href":"https:\/\/cancortes.com\/es\/wp-json\/wp\/v2\/types\/page"}],"author":[{"embeddable":true,"href":"https:\/\/cancortes.com\/es\/wp-json\/wp\/v2\/users\/1"}],"replies":[{"embeddable":true,"href":"https:\/\/cancortes.com\/es\/wp-json\/wp\/v2\/comments?post=304"}],"version-history":[{"count":29,"href":"https:\/\/cancortes.com\/es\/wp-json\/wp\/v2\/pages\/304\/revisions"}],"predecessor-version":[{"id":16220,"href":"https:\/\/cancortes.com\/es\/wp-json\/wp\/v2\/pages\/304\/revisions\/16220"}],"wp:attachment":[{"href":"https:\/\/cancortes.com\/es\/wp-json\/wp\/v2\/media?parent=304"}],"curies":[{"name":"wp","href":"https:\/\/api.w.org\/{rel}","templated":true}]}}