{"id":2016,"date":"2018-02-03T20:08:29","date_gmt":"2018-02-03T20:08:29","guid":{"rendered":"http:\/\/cancortes.com\/desayunos-de-tenedor\/"},"modified":"2025-08-28T07:43:53","modified_gmt":"2025-08-28T07:43:53","slug":"desayunos-de-tenedor","status":"publish","type":"page","link":"https:\/\/cancortes.com\/es\/menus\/desayunos-de-tenedor\/","title":{"rendered":"DESAYUNOS DE TENEDOR"},"content":{"rendered":"<p><div class=\"fusion-fullwidth fullwidth-box fusion-builder-row-1 nonhundred-percent-fullwidth non-hundred-percent-height-scrolling\" style=\"--awb-border-radius-top-left:0px;--awb-border-radius-top-right:0px;--awb-border-radius-bottom-right:0px;--awb-border-radius-bottom-left:0px;--awb-flex-wrap:wrap;\" ><div class=\"fusion-builder-row fusion-row\"><div class=\"fusion-layout-column fusion_builder_column fusion-builder-column-0 fusion_builder_column_1_1 1_1 fusion-one-full fusion-column-first fusion-column-last\" style=\"--awb-bg-size:cover;--awb-margin-bottom:0px;\"><div class=\"fusion-column-wrapper fusion-flex-column-wrapper-legacy\"><div class=\"fusion-title title fusion-title-1 fusion-sep-none fusion-title-center fusion-title-text fusion-title-size-one titol-gris\" style=\"--awb-margin-top:20px;--awb-margin-right:10px;--awb-margin-left:10px;\"><h1 class=\"fusion-title-heading title-heading-center\" style=\"margin:0;\">DESAYUNOS DE TENEDOR DE CAN CORT\u00c8S<\/h1><\/div><div class=\"fusion-clearfix\"><\/div><\/div><\/div><\/div><\/div><div class=\"fusion-fullwidth fullwidth-box fusion-builder-row-2 nonhundred-percent-fullwidth non-hundred-percent-height-scrolling\" style=\"--awb-border-radius-top-left:0px;--awb-border-radius-top-right:0px;--awb-border-radius-bottom-right:0px;--awb-border-radius-bottom-left:0px;--awb-padding-top:0px;--awb-padding-right:0px;--awb-padding-bottom:0px;--awb-padding-left:0px;--awb-margin-bottom:0px;--awb-flex-wrap:wrap;\" ><div class=\"fusion-builder-row fusion-row\"><div class=\"fusion-layout-column fusion_builder_column fusion-builder-column-1 fusion_builder_column_1_1 1_1 fusion-one-full fusion-column-first fusion-column-last\" style=\"--awb-bg-size:cover;--awb-margin-bottom:0px;\"><div class=\"fusion-column-wrapper fusion-flex-column-wrapper-legacy\"><div class=\"fusion-title title fusion-title-2 fusion-sep-none fusion-title-center fusion-title-text fusion-title-size-two titol-gris1-border\" style=\"--awb-margin-top:20px;\"><h2 class=\"fusion-title-heading title-heading-center\" style=\"margin:0;\">Desayunos de tenedor en medio de la naturaleza, en Collserola<\/h2><\/div><div class=\"fusion-text fusion-text-1 fusion-text-no-margin\" style=\"--awb-text-transform:none;--awb-margin-top:50px;--awb-margin-right:50px;--awb-margin-bottom:50px;--awb-margin-left:50px;\"><p>\u00a1Que no se pierdan las buenas costumbres! Ven y prueba nuestros Desayunos de tenedor en medio de Collserola, a s\u00f3lo 5 minutos de Barcelona, \u200b\u200b\u00a1que ning\u00fan ciclista o amante de la naturaleza se perder\u00eda!<\/p>\n<p>Disfruta de platos de foquilla como butifarra con secas, callos con capi-pota, huevos fritos con tocino, nuestras tostadas de embutidos de Vic o tostadas calientes de carne a la brasa, entre otros. \u00a1Te esperamos!<\/p>\n<p>DESAYUNOS DISPONIBLES DE MARTES A DOMINGOS Y FESTIVOS DE 9:30h a 12h.<\/p>\n<\/div><div class=\"fusion-image-element fusion-image-align-center in-legacy-container\" style=\"text-align:center;--awb-max-width:400px;--awb-caption-title-font-family:var(--h2_typography-font-family);--awb-caption-title-font-weight:var(--h2_typography-font-weight);--awb-caption-title-font-style:var(--h2_typography-font-style);--awb-caption-title-size:var(--h2_typography-font-size);--awb-caption-title-transform:var(--h2_typography-text-transform);--awb-caption-title-line-height:var(--h2_typography-line-height);--awb-caption-title-letter-spacing:var(--h2_typography-letter-spacing);\"><div class=\"imageframe-align-center\"><span class=\" fusion-imageframe imageframe-none imageframe-1 hover-type-none\"><img decoding=\"async\" width=\"843\" height=\"436\" title=\"esmorzar-de-forquilla\" src=\"http:\/\/cancortes.com\/wp-content\/uploads\/2018\/02\/esmorzar-de-forquilla.jpg\" alt class=\"img-responsive wp-image-5832\" srcset=\"https:\/\/cancortes.com\/wp-content\/uploads\/2018\/02\/esmorzar-de-forquilla-200x103.jpg 200w, https:\/\/cancortes.com\/wp-content\/uploads\/2018\/02\/esmorzar-de-forquilla-400x207.jpg 400w, https:\/\/cancortes.com\/wp-content\/uploads\/2018\/02\/esmorzar-de-forquilla-600x310.jpg 600w, https:\/\/cancortes.com\/wp-content\/uploads\/2018\/02\/esmorzar-de-forquilla-800x414.jpg 800w, https:\/\/cancortes.com\/wp-content\/uploads\/2018\/02\/esmorzar-de-forquilla.jpg 843w\" sizes=\"(max-width: 800px) 100vw, 843px\" \/><\/span><\/div><\/div><div class=\"fusion-clearfix\"><\/div><\/div><\/div><\/div><\/div><div class=\"fusion-fullwidth fullwidth-box fusion-builder-row-3 has-pattern-background has-mask-background nonhundred-percent-fullwidth non-hundred-percent-height-scrolling fusion-equal-height-columns\" style=\"--awb-border-radius-top-left:0px;--awb-border-radius-top-right:0px;--awb-border-radius-bottom-right:0px;--awb-border-radius-bottom-left:0px;--awb-margin-top:10px;--awb-margin-bottom:0px;--awb-flex-wrap:wrap;\" ><div class=\"fusion-builder-row fusion-row\"><div class=\"fusion-layout-column fusion_builder_column fusion-builder-column-2 fusion_builder_column_1_1 1_1 fusion-one-full fusion-column-first fusion-column-last\" style=\"--awb-bg-size:cover;--awb-border-color:#dddddd;--awb-border-top:2px;--awb-border-right:2px;--awb-border-bottom:2px;--awb-border-left:2px;--awb-border-style:solid;\"><div class=\"fusion-column-wrapper fusion-flex-column-wrapper-legacy\"><div class=\"fusion-title title fusion-title-3 fusion-sep-none fusion-title-center fusion-title-text fusion-title-size-two titol-menu\"><h2 class=\"fusion-title-heading title-heading-center\" style=\"margin:0;\">DESAYUNOS DE TENEDOR DE CAN CORT\u00c8S<\/h2><\/div><div class=\"fusion-text fusion-text-2\" style=\"--awb-text-transform:none;\"><div id=\"menust01\" class=\"menust01\">\n<h3 style=\"text-align: center;\">DESAYUNOS DE TENEDOR<\/h3>\n<p style=\"text-align: center;\">Si padece alguna intolerancia contacte con el camarero, los al\u00e9rgenos de cada plato est\u00e1n indicados a continuaci\u00f3n, ver la leyenda de al\u00e9rgenos al final.<br \/>\nDe martes a domingo de 9.30h a 11.30h. Disponemos de\u00a0 Men\u00fa Esmorzar Forquilla y Carta de Desayunos, ver a continuaci\u00f3n:<\/p>\n<h3 style=\"text-align: center;\">MEN\u00da ESMORZAR FORQUILLA<\/h3>\n<p style=\"text-align: center;\"><span style=\"font-size: 18pt;\"><strong>Precio: 12,90 \u20ac IVA inc.<\/strong><\/span><br \/>\n<strong>Incluye:\u00a0 1 Tostada + 1 Bebida + 1 Caf\u00e9. <\/strong><\/p>\n<p style=\"text-align: center;\"><strong>All i oli +1\u20ac.\u00a0 \u00a0 \u00a0 \u00a0 \u00a0 \u00a0 \u00a0 \u00a0Pan extra+1\u20ac<\/strong><br \/>\n<strong>&#8230; TOSTADAS A ELEGIR &#8230;<\/strong><br \/>\nFUET\u00a0 \u00a0 \u00a0.1.7.<br \/>\nBULL BLANC\u00a0 \u00a0 \u00a0 .1.7.<br \/>\nBULL NEGRE\u00a0 \u00a0 \u00a0 .1.7.<br \/>\nQUESO\u00a0 . 1.7.<br \/>\nATUN\u00a0 \u00a0.1.4.<br \/>\nTORTILLA\u00a0 \u00a0FRANCESA\u00a0 \u00a0 .1.3.<br \/>\nBUTIFARRA\u00a0 \u00a0 \u00a0.7.\u00a0 \u00a0 <strong>+1 \u20ac<\/strong><br \/>\nHUEVOS FRITOS CON CANSALADA Y PATATAS FRITAS\u00a0 \u00a0 . 1.3.\u00a0 \u00a0<strong>+2 \u20ac<\/strong><\/p>\n<p style=\"text-align: center;\"><span style=\"text-decoration: underline;\">Chupito (hierbas, blanco, crema de orujo) +1\u20ac<\/span><\/p>\n<\/div>\n<p style=\"text-align: center;\"><strong style=\"font-size: 16px;\">Al\u00e9rgenos<\/strong><span style=\"font-size: 16px;\">: 1. Cereales gluten, 2. Crust\u00e1ceos, 3. Huevo, 4. Pescado,\u00a0 5.Cacahuetes, 6. Soja, 7. Leche, 8. Frutos de c\u00e1scara, 9. Apio, 10.Mostaza, 11. S\u00e9samo, 12. Moluscos, 13. Altramuces y 14. Sulfito<\/span><\/p>\n<div id=\"menust01\" class=\"menust01\">\n<h3 style=\"text-align: center;\">\u00a0&#8230; A LA BRASA &#8230;<\/h3>\n<p style=\"text-align: center;\">BUTIFARRA DE VIC\u00a0 \u00a0 \u00a0<strong>9 \u20ac\u00a0<\/strong><br \/>\nBUTIFARRA NEGRA\u00a0 <strong>\u00a0 \u00a09 \u20ac<br \/>\n<\/strong>\u00bc\u00a0 CONEJO\u00a0 \u00a0 <strong>9 \u20ac<br \/>\n<\/strong>PIES DE CERDO\u00a0 \u00a0 \u00a0 <strong>10 \u20ac<\/strong><br \/>\nCANSALADA A LA BRASA (3 talls)\u00a0 \u00a0\u00a0\u00a0 <strong>8 \u20ac<br \/>\n<\/strong>DOS HUEVOS FRITOS CON CANSALADA\u00a0 \u00a0 \u00a0 \u00a0<strong>9 \u20ac\u00a0\u00a0 <\/strong>(3)<strong><br \/>\n<\/strong>TORTILLA AL GUSTO CON CANSALADA\u00a0 \u00a0 \u00a0 \u00a0<strong>9 \u20ac\u00a0\u00a0\u00a0 <\/strong>(3)<\/p>\n<p style=\"text-align: center;\"><strong>GUARNICIONES PARA LA BRASA:<\/strong><\/p>\n<p style=\"text-align: center;\">\u00a0PATATAS FRITAS <strong>3,5 \u20ac \u00a0<\/strong>\u00bd Raci\u00f3n<strong>\u00a0\/ 6 \u20ac <\/strong>Raci\u00f3n<strong><br \/>\n<\/strong>PATATAS AL CALIU\u00a0\u00a0\u00a0 <strong>3,5 \u20ac\u00a0 <\/strong>\u00bd Racion<strong>\u00a0\/ 6 \u20ac <\/strong>Raci\u00f3n<strong><br \/>\n<\/strong>JUDIAS CON CANSALADA\u00a0 \u00a0<strong>3,5 \u20ac\u00a0 <\/strong>\u00bd Racion<strong>\u00a0\/ 6 \u20ac <\/strong>Raci\u00f3n<strong><br \/>\n<\/strong>VERDURAS BRASA\u00a0\u00a0\u00a0 <strong>5 \u20ac\u00a0 <\/strong>\u00bd Raci\u00f3n<strong>\u00a0\/ 9 \u20ac <\/strong>Raci\u00f3n<strong><br \/>\n<\/strong>ALL-I-OLI\u00a0\u00a0 <strong>3 \u20ac\u00a0 \u00a0<\/strong>\u00a0(3)(7)<\/p>\n<p style=\"text-align: center;\">+ TOSTADA DE PAN DE PAYES CON TOMATES y AJOS\u00a0 \u00a0 <strong>\u00a01,95 \u20ac<\/strong><\/p>\n<h3 style=\"text-align: center;\">&#8230; LOS\u00a0 CLASICOS &#8230;<\/h3>\n<p style=\"text-align: center;\">PLATO DE\u00a0 EMBUTIDOS CATALANES: JAM\u00d3N PAIS,\u00a0 BULL BLANCO y NEGRO, CATALANA\u00a0 y FUET\u00a0 \u00a0 <strong>7 \u20ac<br \/>\n<\/strong><\/p>\n<p style=\"text-align: center;\">CAP I POTA DE LA MASIA\u00a0\u00a0\u00a0 <strong>9 \u20ac<br \/>\n<\/strong><strong><br \/>\n<\/strong>CANELONES DE CARNE DE LA MASIA\u00a0\u00a0\u00a0 <strong>15,5 \u20ac<\/strong>\u00a0\u00a0\u00a0 (1)(7)<\/p>\n<p style=\"text-align: center;\">BACALAO A LA LLAUNA CON JUDIAS <strong>\u00a0 \u00a017,9 \u20ac\u00a0\u00a0<\/strong>\u00a0 (1)(4)(12)<\/p>\n<h3 style=\"text-align: center;\">&#8230; LAS TOSTADAS &#8230;<\/h3>\n<p style=\"text-align: center;\">TOSTADA DE EMBUTIDOS CATALANES\u00a0 \u00a0 \u00a0 <strong>7 \u20ac<\/strong> \u00a0\u00a0 (1)(7)\u00a0 de FUET, JAMON PA\u00cdS, BULL BLANCO, BULL NEGRO, QUESO o ATUN<\/p>\n<p style=\"text-align: center;\">TOSTADA CALIENTE\u00a0 \u00a0 \u00a0 \u00a0<strong>9 \u20ac<\/strong>\u00a0 \u00a0\u00a0(1)\u00a0 de BUTIFARRA, CANSALADA , POLLO\u00a0 \u00f3\u00a0 TORTILLA AL GUSTO<\/p>\n<p style=\"text-align: center;\">Suplemento de queso\u00a0 \u00a0<strong>+2 \u20ac<\/strong>\u00a0 (7)<br \/>\nTostadas servidas con tomate y aceite<\/p>\n<h3 style=\"text-align: center;\">&#8230; BEBIDAS &#8230;<\/h3>\n<p style=\"text-align: center;\">PORR\u00d3N \u00bd Vino Tinto\u00a0 &#8230;.\u00a0 \u00a0<strong>6\u00a0\u20ac<br \/>\n<\/strong>PORR\u00d3N 1 L. Vino Tinto\u00a0 \u00a0&#8230;.\u00a0 \u00a0<strong>12 \u20ac<br \/>\n<\/strong>VERMOUTH YZAGUIRRE\u00a0 \u00a0 <strong>4 \u20ac<\/strong><br \/>\nREFRESCOS (COCA, FANTA)\u00a0 \u00a0 <strong>2,90 \u20ac<\/strong><br \/>\nCOPA SAN MIGUEL\u00a0 \u00a0 \u00a0<strong>2,95 \u20ac<\/strong><br \/>\nSAN MIGUEL SIN\u00a0 \u00a0 <strong>2,85 \u20ac<\/strong><br \/>\nCERVEZA SELECTA\u00a0 \u00a0 <strong>3,5 \u20ac<\/strong><br \/>\nCERVEZA ALHAMBRA\u00a0 \u00a0 <strong>3,5 \u20ac<\/strong><\/p>\n<\/div>\n<\/div><div class=\"fusion-clearfix\"><\/div><\/div><\/div><\/div><\/div><\/p>\n","protected":false},"excerpt":{"rendered":"","protected":false},"author":1,"featured_media":0,"parent":304,"menu_order":8,"comment_status":"closed","ping_status":"closed","template":"100-width.php","meta":{"_monsterinsights_skip_tracking":false,"_monsterinsights_sitenote_active":false,"_monsterinsights_sitenote_note":"","_monsterinsights_sitenote_category":0,"footnotes":""},"class_list":["post-2016","page","type-page","status-publish","hentry"],"_links":{"self":[{"href":"https:\/\/cancortes.com\/es\/wp-json\/wp\/v2\/pages\/2016","targetHints":{"allow":["GET"]}}],"collection":[{"href":"https:\/\/cancortes.com\/es\/wp-json\/wp\/v2\/pages"}],"about":[{"href":"https:\/\/cancortes.com\/es\/wp-json\/wp\/v2\/types\/page"}],"author":[{"embeddable":true,"href":"https:\/\/cancortes.com\/es\/wp-json\/wp\/v2\/users\/1"}],"replies":[{"embeddable":true,"href":"https:\/\/cancortes.com\/es\/wp-json\/wp\/v2\/comments?post=2016"}],"version-history":[{"count":110,"href":"https:\/\/cancortes.com\/es\/wp-json\/wp\/v2\/pages\/2016\/revisions"}],"predecessor-version":[{"id":28454,"href":"https:\/\/cancortes.com\/es\/wp-json\/wp\/v2\/pages\/2016\/revisions\/28454"}],"up":[{"embeddable":true,"href":"https:\/\/cancortes.com\/es\/wp-json\/wp\/v2\/pages\/304"}],"wp:attachment":[{"href":"https:\/\/cancortes.com\/es\/wp-json\/wp\/v2\/media?parent=2016"}],"curies":[{"name":"wp","href":"https:\/\/api.w.org\/{rel}","templated":true}]}}