{"id":11972,"date":"2021-09-30T15:37:30","date_gmt":"2021-09-30T15:37:30","guid":{"rendered":"http:\/\/cancortes.com\/menus\/aperitivos\/"},"modified":"2026-05-10T12:26:54","modified_gmt":"2026-05-10T12:26:54","slug":"aperitivos","status":"publish","type":"page","link":"https:\/\/cancortes.com\/es\/menus\/aperitivos\/","title":{"rendered":"APERITIVOS"},"content":{"rendered":"<p><div class=\"fusion-fullwidth fullwidth-box fusion-builder-row-1 nonhundred-percent-fullwidth non-hundred-percent-height-scrolling\" style=\"--awb-border-radius-top-left:0px;--awb-border-radius-top-right:0px;--awb-border-radius-bottom-right:0px;--awb-border-radius-bottom-left:0px;--awb-margin-bottom:0px;--awb-flex-wrap:wrap;\" ><div class=\"fusion-builder-row fusion-row\"><div class=\"fusion-layout-column fusion_builder_column fusion-builder-column-0 fusion_builder_column_1_1 1_1 fusion-one-full fusion-column-first fusion-column-last\" style=\"--awb-bg-size:cover;--awb-margin-bottom:0px;\"><div class=\"fusion-column-wrapper fusion-flex-column-wrapper-legacy\"><div class=\"fusion-title title fusion-title-1 fusion-sep-none fusion-title-center fusion-title-text fusion-title-size-one titol-gris\" style=\"--awb-margin-top:20px;\"><h1 class=\"fusion-title-heading title-heading-center\" style=\"margin:0;\">APERITIVOS DE CAN CORT\u00c8S<\/h1><\/div><div class=\"fusion-text fusion-text-1\" style=\"--awb-text-transform:none;\"><p style=\"text-align: center;\">ABIERTOS DE MARTES A DOMINGO y FESTIVOS!<\/p>\n<\/p>\n<p style=\"text-align: center;\">Aperitivos disponibles de 12:00 h a 14:00 h<br \/>\nSi padece alguna intolerancia contacte con el camarero, los al\u00e9rgenos de cada plato est\u00e1n indicados entre (), ver la leyenda de al\u00e9rgenos al final.<\/p>\n<\/div><div class=\"fusion-clearfix\"><\/div><\/div><\/div><\/div><\/div><div class=\"fusion-fullwidth fullwidth-box fusion-builder-row-2 nonhundred-percent-fullwidth non-hundred-percent-height-scrolling fusion-equal-height-columns\" style=\"--awb-border-radius-top-left:0px;--awb-border-radius-top-right:0px;--awb-border-radius-bottom-right:0px;--awb-border-radius-bottom-left:0px;--awb-margin-top:0px;--awb-margin-bottom:0px;--awb-flex-wrap:wrap;\" ><div class=\"fusion-builder-row fusion-row\"><div class=\"fusion-layout-column fusion_builder_column fusion-builder-column-1 fusion_builder_column_1_1 1_1 fusion-one-full fusion-column-first fusion-column-last\" style=\"--awb-padding-top:15px;--awb-bg-size:cover;--awb-border-color:#dddddd;--awb-border-top:2px;--awb-border-right:2px;--awb-border-bottom:2px;--awb-border-left:2px;--awb-border-style:solid;\"><div class=\"fusion-column-wrapper fusion-column-has-shadow fusion-flex-column-wrapper-legacy\"><div class=\"fusion-text fusion-text-2\" style=\"--awb-content-alignment:center;--awb-text-transform:none;\"><p style=\"text-align: center;\">PATATAS BRAVAS\u00a0 \u00a0<strong>8,9 \u20ac\u00a0 <\/strong>(1)(7)<br \/>\nBERBERECHOS <strong>11 \u20ac\u00a0 <\/strong>\u00a0(13)<br \/>\nOLIVAS RELLENAS\u00a0 \u00a0<strong>4,5 \u20ac\u00a0<\/strong> \u00a0(4)<br \/>\nPATATAS CHIPS\u00a0 <strong>3,25\u00a0\u20ac\u00a0<\/strong> (1)(7)<br \/>\nFUET CON PICOS\u00a0 <strong>6\u00a0\u20ac\u00a0 \u00a0<\/strong>(1)(7)<br \/>\nDADOS DE QUESO<strong> 8 \u20ac\u00a0<\/strong> (7)<\/p>\n<p>Al\u00e9rgenos: 1.Cereales gluten, 2.Crust\u00e1ceos, 3.Huevo, 4.Pescado, 5.Cacahuetes, 6. Soja, 7.Leche, 8.Frutos de c\u00e1scara, 9.Apio, 10.Mostaza, 11.S\u00e9samo, 12. Sulfitos, 13. Moluscos y 14.Altramuces.<\/p>\n<h3 style=\"text-align: center;\">BEBIDAS<\/h3>\n<\/p>\n<p style=\"text-align: center;\">VERMOUTH YZAGUIRRE <strong>4,25 \u20ac\u00a0 <\/strong>(12)<br \/>\nREFRESCOS (COCA, FANTA) <strong>3,50 \u20ac<\/strong><br \/>\nCOPA SAN MIGUEL <strong>3,50\u20ac\u00a0 <\/strong>(1)<br \/>\nSAN MIGUEL SIN <strong>3,50\u20ac\u00a0 <\/strong>(1)<br \/>\nCERVEZA SELECTA <strong>3,50\u20ac\u00a0 <\/strong>(1)<br \/>\nCERVEZA ALHAMBRA <strong>3,80 \u20ac\u00a0 <\/strong>(1)<br \/>\nVINO NEGRO EN PORR\u00d3N \u00bd\u2026.<strong>6\u00a0\u20ac\u00a0<\/strong> (12)<br \/>\nPORR\u00d3N ENTERO\u2026.<strong>12 \u20ac\u00a0 <\/strong>(12)<\/p>\n<\/div><div class=\"fusion-clearfix\"><\/div><\/div><\/div><\/div><\/div><\/p>\n","protected":false},"excerpt":{"rendered":"","protected":false},"author":1,"featured_media":0,"parent":304,"menu_order":1,"comment_status":"closed","ping_status":"closed","template":"100-width.php","meta":{"_monsterinsights_skip_tracking":false,"_monsterinsights_sitenote_active":false,"_monsterinsights_sitenote_note":"","_monsterinsights_sitenote_category":0,"footnotes":""},"class_list":["post-11972","page","type-page","status-publish","hentry"],"_links":{"self":[{"href":"https:\/\/cancortes.com\/es\/wp-json\/wp\/v2\/pages\/11972","targetHints":{"allow":["GET"]}}],"collection":[{"href":"https:\/\/cancortes.com\/es\/wp-json\/wp\/v2\/pages"}],"about":[{"href":"https:\/\/cancortes.com\/es\/wp-json\/wp\/v2\/types\/page"}],"author":[{"embeddable":true,"href":"https:\/\/cancortes.com\/es\/wp-json\/wp\/v2\/users\/1"}],"replies":[{"embeddable":true,"href":"https:\/\/cancortes.com\/es\/wp-json\/wp\/v2\/comments?post=11972"}],"version-history":[{"count":25,"href":"https:\/\/cancortes.com\/es\/wp-json\/wp\/v2\/pages\/11972\/revisions"}],"predecessor-version":[{"id":28951,"href":"https:\/\/cancortes.com\/es\/wp-json\/wp\/v2\/pages\/11972\/revisions\/28951"}],"up":[{"embeddable":true,"href":"https:\/\/cancortes.com\/es\/wp-json\/wp\/v2\/pages\/304"}],"wp:attachment":[{"href":"https:\/\/cancortes.com\/es\/wp-json\/wp\/v2\/media?parent=11972"}],"curies":[{"name":"wp","href":"https:\/\/api.w.org\/{rel}","templated":true}]}}