{"id":1037,"date":"2017-12-14T14:32:31","date_gmt":"2017-12-14T14:32:31","guid":{"rendered":"http:\/\/cancortes.com\/menus\/pack-reunion-empresas\/"},"modified":"2025-09-22T20:17:41","modified_gmt":"2025-09-22T20:17:41","slug":"pack-reunion-empresas","status":"publish","type":"page","link":"https:\/\/cancortes.com\/es\/menus\/pack-reunion-empresas\/","title":{"rendered":"MENU REUNION EMPRESAS"},"content":{"rendered":"<div class=\"fusion-fullwidth fullwidth-box fusion-builder-row-1 nonhundred-percent-fullwidth non-hundred-percent-height-scrolling\" style=\"--awb-border-radius-top-left:0px;--awb-border-radius-top-right:0px;--awb-border-radius-bottom-right:0px;--awb-border-radius-bottom-left:0px;--awb-padding-top:0px;--awb-padding-right:0px;--awb-padding-bottom:0px;--awb-padding-left:0px;--awb-margin-bottom:0px;--awb-flex-wrap:wrap;\" ><div class=\"fusion-builder-row fusion-row\"><div class=\"fusion-layout-column fusion_builder_column fusion-builder-column-0 fusion_builder_column_1_1 1_1 fusion-one-full fusion-column-first fusion-column-last\" style=\"--awb-bg-size:cover;--awb-margin-bottom:0px;\"><div class=\"fusion-column-wrapper fusion-flex-column-wrapper-legacy\"><div class=\"fusion-title title fusion-title-1 fusion-sep-none fusion-title-center fusion-title-text fusion-title-size-one titol-gris\" style=\"--awb-margin-top:20px;\"><h1 class=\"fusion-title-heading title-heading-center\" style=\"margin:0;\">MENU REUNI\u00d3N EMPRESAS en CAN CORT\u00c8S<\/h1><\/div><div class=\"fusion-title title fusion-title-2 fusion-sep-none fusion-title-center fusion-title-text fusion-title-size-two titol-gris1-border\" style=\"--awb-margin-top:20px;\"><h2 class=\"fusion-title-heading title-heading-center\" style=\"margin:0;\"><p style=\"text-align: center;\"><strong>MENU REUNION EMPRESAS por solo 39,9 \u20ac :<\/strong><br \/>\nSALA GRATUITA (a partir 10 asistentes) + AGUAS + COFFE BREAK + MENU DIARIO<\/p><\/h2><\/div><div class=\"fusion-text fusion-text-1\" style=\"--awb-text-transform:none;\"><p><span id=\"result_box\" lang=\"es\">PROMOCI\u00d3N MENU REUNI\u00d3N EMPRESAS:<\/span><\/p>\n<p><strong>Disfruta de una sala privada (a partir de 10 asistentes) + Coffe break (Caf\u00e9s, pastas y aguas) + Men\u00fa Diario, de Martes a Viernes mediod\u00eda no festivos por s\u00f3lo 39,9 \u20ac IVA incluido, con uso de sala gratuito entre las 10h y las 16h.<\/strong><\/p>\n<p>Puedes consultar el Men\u00fa Diario actual en el siguiente link: <a href=\"https:\/\/cancortes.com\/es\/menus\/menu-diario\/\">https:\/\/cancortes.com\/es\/menus\/menu-diario\/<\/a><\/p>\n<p>El servicio del Men\u00fa Diario se realizar\u00e1 en el sal\u00f3n principal, si le interesa que se realice en la misma sala privada le informaremos de las condiciones y precio. El coffee break se servir\u00e1 en la Sala privada, y consta de un caf\u00e9, una pasta por asistente y aguas.<\/p>\n<p>\u00bfBuscas\u00a0un espacio diferente para celebrar una reuni\u00f3n de trabajo y despu\u00e9s disfrutar de la mejor gastronom\u00eda catalana? No lo dudes, Can Cortes es vuestra mejor elecci\u00f3n porque estamos en medio de la naturaleza, con unas vistas impresionantes y a s\u00f3lo 5 minutos de Barcelona y Sant Cugat del Vall\u00e8s.<\/p>\n<p><strong>Servicios adicionales que te pueden interesar:<\/strong><br \/>\n\u2022 Parking GRATUITO<br \/>\n\u2022 WiFi\u00a0\u00a0GRATUITO<br \/>\n\u2022 Complementar con Tostadas fr\u00edas o calientes, consultar<br \/>\n\u2022 Proyector y pantalla por 120 \u20ac<br \/>\n\u2022 Actividades de Teambuilding (1,5 h) desde 15 \u20ac por asistente<br \/>\n\u2022 Gin Tonics Seagram a 10 \u20ac la copa<\/p>\n<p><strong>No lo dudes, reserva ya Menu Reuni\u00f3n Empresas!<\/strong><\/p>\n<\/div><div class=\"fusion-clearfix\"><\/div><\/div><\/div><\/div><\/div>\n","protected":false},"excerpt":{"rendered":"","protected":false},"author":1,"featured_media":0,"parent":304,"menu_order":20,"comment_status":"closed","ping_status":"closed","template":"side-navigation.php","meta":{"_monsterinsights_skip_tracking":false,"_monsterinsights_sitenote_active":false,"_monsterinsights_sitenote_note":"","_monsterinsights_sitenote_category":0,"footnotes":""},"class_list":["post-1037","page","type-page","status-publish","hentry"],"_links":{"self":[{"href":"https:\/\/cancortes.com\/es\/wp-json\/wp\/v2\/pages\/1037","targetHints":{"allow":["GET"]}}],"collection":[{"href":"https:\/\/cancortes.com\/es\/wp-json\/wp\/v2\/pages"}],"about":[{"href":"https:\/\/cancortes.com\/es\/wp-json\/wp\/v2\/types\/page"}],"author":[{"embeddable":true,"href":"https:\/\/cancortes.com\/es\/wp-json\/wp\/v2\/users\/1"}],"replies":[{"embeddable":true,"href":"https:\/\/cancortes.com\/es\/wp-json\/wp\/v2\/comments?post=1037"}],"version-history":[{"count":60,"href":"https:\/\/cancortes.com\/es\/wp-json\/wp\/v2\/pages\/1037\/revisions"}],"predecessor-version":[{"id":28551,"href":"https:\/\/cancortes.com\/es\/wp-json\/wp\/v2\/pages\/1037\/revisions\/28551"}],"up":[{"embeddable":true,"href":"https:\/\/cancortes.com\/es\/wp-json\/wp\/v2\/pages\/304"}],"wp:attachment":[{"href":"https:\/\/cancortes.com\/es\/wp-json\/wp\/v2\/media?parent=1037"}],"curies":[{"name":"wp","href":"https:\/\/api.w.org\/{rel}","templated":true}]}}