{"id":1245,"date":"2017-12-16T22:08:35","date_gmt":"2017-12-16T22:08:35","guid":{"rendered":"http:\/\/cancortes.com\/menus\/celebrations-menu\/"},"modified":"2020-08-02T10:20:15","modified_gmt":"2020-08-02T10:20:15","slug":"celebrations-menu","status":"publish","type":"page","link":"https:\/\/cancortes.com\/en\/menus\/celebrations-menu\/","title":{"rendered":"CELEBRATIONS MENU"},"content":{"rendered":"<p><div class=\"fusion-fullwidth fullwidth-box fusion-builder-row-1 nonhundred-percent-fullwidth non-hundred-percent-height-scrolling\" style=\"--awb-border-radius-top-left:0px;--awb-border-radius-top-right:0px;--awb-border-radius-bottom-right:0px;--awb-border-radius-bottom-left:0px;--awb-padding-top:0px;--awb-padding-right:0px;--awb-padding-bottom:0px;--awb-padding-left:0px;--awb-margin-bottom:0px;--awb-flex-wrap:wrap;\" ><div class=\"fusion-builder-row fusion-row\"><div class=\"fusion-layout-column fusion_builder_column fusion-builder-column-0 fusion_builder_column_1_1 1_1 fusion-one-full fusion-column-first fusion-column-last\" style=\"--awb-bg-size:cover;--awb-margin-bottom:0px;\"><div class=\"fusion-column-wrapper fusion-flex-column-wrapper-legacy\"><div class=\"fusion-title title fusion-title-1 fusion-sep-none fusion-title-center fusion-title-text fusion-title-size-one titol-gris\" style=\"--awb-margin-top:20px;\"><h1 class=\"fusion-title-heading title-heading-center\" style=\"margin:0;\"><span id=\"result_box\" class=\"short_text\" lang=\"en\">FAMILY CELEBRATIONS MENU OF CAN CORT\u00c8S<\/span><span id=\"t-served-community-button\" class=\"trans-verified-button goog-toolbar-button\" role=\"button\" aria-hidden=\"true\"><\/span><\/h1><\/div><div class=\"fusion-title title fusion-title-2 fusion-sep-none fusion-title-center fusion-title-text fusion-title-size-two titol-gris1-border\" style=\"--awb-margin-top:20px;\"><h2 class=\"fusion-title-heading title-heading-center\" style=\"margin:0;\"><span id=\"result_box\" lang=\"en\">Can Cort\u00e8s is the ideal restaurant to house the most special family celebrations<\/span><span id=\"t-served-community-button\" class=\"trans-verified-button goog-toolbar-button\" role=\"button\" aria-hidden=\"true\"><\/span><\/h2><\/div><div class=\"fusion-text fusion-text-1\"><p>Baptisms and communions<br \/>\n<span title=\"\u2022Casaments, noces d\u2019or o argent, aniversaris \">\u2022 Weddings, gold or silver wedding anniversaries<br \/>\n<\/span><span title=\"\u2022Reunions d\u2019amics: jubilacions, parelles de fet, comiats, graduacions \">\u2022 Friends&#8217; meetings: retirements, actual couples, appointments, graduations<br \/>\n<\/span><span title=\"\u2022Trobades d\u2019equips esportius, celebracions de premis i altres \">\u2022 Meetings of sports teams, prizes and other celebrations<\/span><\/p>\n<p><span title=\"Per qu\u00e8 Can Cort\u00e8s?\">Why Can Cort\u00e8s? <\/span><span title=\"Et donem 7 motius: \">We give you 7 reasons:<br \/>\n<\/span><span title=\"\u2022m\u00e9s de 40 anys d\u2019experi\u00e8ncia en esdeveniments familiars, sabem el que \u00e9s important per vosaltres \">\u2022 Over 40 years of experience in family events, we know what is important to you<br \/>\n<\/span><span title=\"\u2022estem a nom\u00e9s 5 minuts de Barcelona i Sant Cugat del Vall\u00e8s, \">\u2022 We are only 5 minutes away from Barcelona and Sant Cugat del Vall\u00e8s,<br \/>\n<\/span><span title=\"\u2022gaudeix d\u2019unes vistes al Vall\u00e8s panor\u00e0miques incre\u00efbles, \">\u2022 Enjoy incredible panoramic views of the Vall\u00e8s area and Montserrat,<br \/>\n<\/span><span title=\"\u2022la nostre gastronomia catalana actualitzada, et sorprendr\u00e0 ! \">\u2022 Our updated Catalan gastronomy will surprise you!<br \/>\n<\/span><span title=\"\u2022disposem del servei d\u2019Animaci\u00f3 Infantil, aix\u00ed ells s\u2019ho passen d\u2019all\u00f2 m\u00e9s b\u00e9 mentre els adults gaudeixen del esdeveniment familiar \">\u2022 We have the Children&#8217;s Enterteiment service, so they enjoy it as adults enjoy the family event<br \/>\n<\/span><span title=\"\u2022a la nostre Masia del segle XVI es respira tradici\u00f3 i cultura, i \">\u2022 in our 16th century Masia, tradition and culture are breathed, i<br \/>\n<\/span><span title=\"\u2022els nostres preus tenen una relaci\u00f3 qualitat-preu immillorable ! \">\u2022 Our prices have an unbeatable quality-price ratio!<\/span><\/p>\n<p><span title=\"Per a la vostre celebraci\u00f3 familiar o d\u2019empresa o amics posem a la vostre disposici\u00f3 un ampli ventall de serveis que s\u2019adaptaran a les vostres necessitats: \">For your family or business celebration or friends, we offer you a wide range of services that will be tailored to your needs:<br \/>\n<\/span><span title=\"\u2022Sales privades, de diferents capacitats (10, 24, 30, 60, 120), climatitzades i amb vistes panor\u00e0miques. \">\u2022 Private rooms, of different capacities (10, 24, 30, 60, 120), air-conditioned and with panoramic views.<br \/>\n<\/span><span title=\"\u2022Ampli ventall de Men\u00fas, incloent plats per Cel\u00edacs \">\u2022 Wide range of menus, including dishes for celiacs<br \/>\n<\/span><span title=\"\u2022Aperitius i dinars\/sopars a l\u2019exterior amb vistes panor\u00e0miques als nostres jardins, o a les nostres carpes. \">\u2022 Appetizers and lunch \/ dinners outside with panoramic views of our gardens, or in our tents.<br \/>\n<\/span><span title=\"\u2022Servei d\u2019espectacles per celebracions, per arrodonir una celebraci\u00f3 inoblidable. \">\u2022 Entertainment service for celebrations, to round off an unforgettable celebration.<br \/>\n<\/span><span title=\"\u2022Servei d\u2019Autocars \">\u2022 Coach Service<br \/>\n<\/span><span title=\"\u2022Espectacle: Musica en viu, DJ, Mags, Teatre improvisat, Inflables, etc...\">\u2022 Show: Live Music, DJ, Magazines, Improvised Theater, Inflatables, etc &#8230;<\/span><\/p>\n<\/div><div class=\"fusion-clearfix\"><\/div><\/div><\/div><\/div><\/div><div class=\"fusion-fullwidth fullwidth-box fusion-builder-row-2 nonhundred-percent-fullwidth non-hundred-percent-height-scrolling fusion-equal-height-columns\" style=\"--awb-border-radius-top-left:0px;--awb-border-radius-top-right:0px;--awb-border-radius-bottom-right:0px;--awb-border-radius-bottom-left:0px;--awb-margin-top:0px;--awb-margin-bottom:0px;--awb-flex-wrap:wrap;\" ><div class=\"fusion-builder-row fusion-row\"><div class=\"fusion-layout-column fusion_builder_column fusion-builder-column-1 fusion_builder_column_1_1 1_1 fusion-one-full fusion-column-first fusion-column-last\" style=\"--awb-bg-size:cover;--awb-border-color:#dddddd;--awb-border-top:2px;--awb-border-right:2px;--awb-border-bottom:2px;--awb-border-left:2px;--awb-border-style:solid;\"><div class=\"fusion-column-wrapper fusion-flex-column-wrapper-legacy\"><div class=\"fusion-title title fusion-title-3 fusion-sep-none fusion-title-center fusion-title-text fusion-title-size-two titol-menu\"><h2 class=\"fusion-title-heading title-heading-center\" style=\"margin:0;\"><div id=\"gt-res-dir-ctr\" class=\"trans-verified-button-small\" dir=\"ltr\"><span id=\"gt-res-error\"><\/span><span id=\"result_box\" lang=\"en\">WE PROPOSE YOU SEVERAL\u00a0CELEBRATIONS MENU OPTIONS<\/span><\/div><\/h2><\/div><div class=\"fusion-tabs fusion-tabs-1 classic nav-is-justified horizontal-tabs icon-position-left mobile-mode-accordion\" style=\"--awb-title-border-radius-top-left:0px;--awb-title-border-radius-top-right:0px;--awb-title-border-radius-bottom-right:0px;--awb-title-border-radius-bottom-left:0px;--awb-inactive-color:#ebeaea;--awb-background-color:#ffffff;--awb-border-color:#ebeaea;--awb-active-border-color:#e9a825;\"><div class=\"nav\"><ul class=\"nav-tabs nav-justified\" role=\"tablist\"><li class=\"active\" role=\"presentation\"><a class=\"tab-link\" data-toggle=\"tab\" role=\"tab\" aria-controls=\"tab-183a7ac160b3e61cc2b\" aria-selected=\"true\" id=\"fusion-tab-menua\" href=\"#tab-183a7ac160b3e61cc2b\"><h4 class=\"fusion-tab-heading\">Menu A<\/h4><\/a><\/li><li role=\"presentation\"><a class=\"tab-link\" data-toggle=\"tab\" role=\"tab\" aria-controls=\"tab-36267890b01960c91c2\" aria-selected=\"false\" tabindex=\"-1\" id=\"fusion-tab-menub\" href=\"#tab-36267890b01960c91c2\"><h4 class=\"fusion-tab-heading\">Menu B<\/h4><\/a><\/li><li role=\"presentation\"><a class=\"tab-link\" data-toggle=\"tab\" role=\"tab\" aria-controls=\"tab-8b51328eab628c6eb93\" aria-selected=\"false\" tabindex=\"-1\" id=\"fusion-tab-menuc\" href=\"#tab-8b51328eab628c6eb93\"><h4 class=\"fusion-tab-heading\">Menu C<\/h4><\/a><\/li><li role=\"presentation\"><a class=\"tab-link\" data-toggle=\"tab\" role=\"tab\" aria-controls=\"tab-a4d0dc99af10986c1b1\" aria-selected=\"false\" tabindex=\"-1\" id=\"fusion-tab-menud\" href=\"#tab-a4d0dc99af10986c1b1\"><h4 class=\"fusion-tab-heading\">Menu D<\/h4><\/a><\/li><li role=\"presentation\"><a class=\"tab-link\" data-toggle=\"tab\" role=\"tab\" aria-controls=\"tab-89d23112bb64783452f\" aria-selected=\"false\" tabindex=\"-1\" id=\"fusion-tab-menue\" href=\"#tab-89d23112bb64783452f\"><h4 class=\"fusion-tab-heading\">Menu E<\/h4><\/a><\/li><li role=\"presentation\"><a class=\"tab-link\" data-toggle=\"tab\" role=\"tab\" aria-controls=\"tab-35a9bd735beb219fa0e\" aria-selected=\"false\" tabindex=\"-1\" id=\"fusion-tab-menuinf\" href=\"#tab-35a9bd735beb219fa0e\"><h4 class=\"fusion-tab-heading\">Menu INF<\/h4><\/a><\/li><\/ul><\/div><div class=\"tab-content\"><div class=\"nav fusion-mobile-tab-nav\"><ul class=\"nav-tabs nav-justified\" role=\"tablist\"><li class=\"active\" role=\"presentation\"><a class=\"tab-link\" data-toggle=\"tab\" role=\"tab\" aria-controls=\"tab-183a7ac160b3e61cc2b\" aria-selected=\"true\" id=\"mobile-fusion-tab-menua\" href=\"#tab-183a7ac160b3e61cc2b\"><h4 class=\"fusion-tab-heading\">Menu A<\/h4><\/a><\/li><\/ul><\/div><div class=\"tab-pane fade fusion-clearfix in active\" role=\"tabpanel\" tabindex=\"0\" aria-labelledby=\"fusion-tab-menua\" id=\"tab-183a7ac160b3e61cc2b\">\n<p style=\"text-align: center;\"><strong>Celebration Menu A<\/strong><\/p>\n<p style=\"text-align: center;\">If you suffer from intolerance, ask for information on allergens<\/p>\n<p style=\"text-align: center;\"><strong>Starters to share\u00a0on the table &#8230;<\/strong><\/p>\n<p style=\"text-align: center;\">Our &#8220;Braves&#8221;<br \/>\nIberian ham croquettes<br \/>\nTempura aubergines with spicy honey<br \/>\nCold melon cream with Iberian crisps<br \/>\nChicken skewer with Teriyaki sauce<\/p>\n<p style=\"text-align: center;\">(Aperitif served on the terrace with additional drink: + \u20ac 8.5 per diner)<\/p>\n<p style=\"text-align: center;\"><strong>Main course (to choose 1 for the whole group)<\/strong><\/p>\n<p style=\"text-align: center;\">Salmon in pistachio crust on caramelized onion and sour apple<\/p>\n<p style=\"text-align: center;\">***<br \/>\nBeef melons in fragrant wine in 2 reductions and truffled parmentier<\/p>\n<p style=\"text-align: center;\"><strong>Desserts, to choose 1 one for the whole group<\/strong><\/p>\n<p style=\"text-align: center;\">Italian tiramisu with cocoa powder<br \/>\nSeasonal fruit salad with red fruits<br \/>\nBrownie with walnuts and vanilla ice cream<br \/>\nLemon Ice Cream or Mojito<\/p>\n<p style=\"text-align: center;\">&#8230; and\u00a0a glass of Cava Brut!<\/p>\n<p style=\"text-align: center;\"><strong>Cellar and Drinks<\/strong><\/p>\n<p style=\"text-align: center;\">Wine D.O. Catalonia, White, Pink or Black (1 bottle for every 4 diners)<\/p>\n<p style=\"text-align: center;\">Mineral waters<\/p>\n<p style=\"text-align: center;\">Coffees or teas<\/p>\n<p style=\"text-align: center;\">OPTIONAL: Liquor shot on the table (White Orujo \/ herbs, Apple, Peach) (suppl. 3 \u20ac)<\/p>\n<p style=\"text-align: center;\">Price per person: 36 \u20ac VAT inc.<\/p>\n<\/div><div class=\"nav fusion-mobile-tab-nav\"><ul class=\"nav-tabs nav-justified\" role=\"tablist\"><li role=\"presentation\"><a class=\"tab-link\" data-toggle=\"tab\" role=\"tab\" aria-controls=\"tab-36267890b01960c91c2\" aria-selected=\"false\" tabindex=\"-1\" id=\"mobile-fusion-tab-menub\" href=\"#tab-36267890b01960c91c2\"><h4 class=\"fusion-tab-heading\">Menu B<\/h4><\/a><\/li><\/ul><\/div><div class=\"tab-pane fade fusion-clearfix\" role=\"tabpanel\" tabindex=\"0\" aria-labelledby=\"fusion-tab-menub\" id=\"tab-36267890b01960c91c2\">\n<p style=\"text-align: center;\"><strong>Celebration Menu B<\/strong><\/p>\n<p style=\"text-align: center;\">If you suffer from intolerance, ask for information on allergens<\/p>\n<p style=\"text-align: center;\"><strong>Starters to share\u00a0on the table &#8230;<\/strong><\/p>\n<p style=\"text-align: center;\">Our &#8220;Braves&#8221;<br \/>\nIberian ham croquettes<br \/>\nTempura aubergines with spicy honey<br \/>\nCold melon cream with Iberian crisps<br \/>\nChicken skewer with Teriyaki sauce<br \/>\nBasket of fried squid in Andalusia style<\/p>\n<p style=\"text-align: center;\">(Aperitif served on the terrace with additional drink: + \u20ac 8.5 per diner)<\/p>\n<p style=\"text-align: center;\"><strong>Main course, to choose 1 for the whole group<\/strong><\/p>\n<p style=\"text-align: center;\">Cod loin in apple and honey muslin<\/p>\n<p style=\"text-align: center;\">* * *<br \/>\nIberian fillet in turned\u00f3 in reduction of Pedro Ximenez<\/p>\n<p style=\"text-align: center;\"><strong>Desserts, to choose 1 one for the whole group<\/strong><\/p>\n<p style=\"text-align: center;\">Italian tiramisu with cocoa powder<br \/>\nSeasonal fruit salad with red fruits<br \/>\nBrownie with walnuts and vanilla ice cream<br \/>\nLemon Ice Cream or Mojito<\/p>\n<p style=\"text-align: center;\">&#8230; and a glass of Cava Brut!<\/p>\n<p style=\"text-align: center;\"><strong>Cellar and Drinks<\/strong><\/p>\n<p style=\"text-align: center;\">Wine D.O. Catalonia, White, Rose or Black (1 bottle for every 4 diners)<\/p>\n<p style=\"text-align: center;\">Mineral waters<\/p>\n<p style=\"text-align: center;\">Coffees or teas<\/p>\n<p style=\"text-align: center;\">OPTIONAL: Liquor shot on the table (White Orujo \/ herbs, Apple, Peach) (suppl. 3 \u20ac)<\/p>\n<p style=\"text-align: center;\"><strong>\u00a0Price per person: 40 \u20ac VAT inc.<\/strong><\/p>\n<\/div><div class=\"nav fusion-mobile-tab-nav\"><ul class=\"nav-tabs nav-justified\" role=\"tablist\"><li role=\"presentation\"><a class=\"tab-link\" data-toggle=\"tab\" role=\"tab\" aria-controls=\"tab-8b51328eab628c6eb93\" aria-selected=\"false\" tabindex=\"-1\" id=\"mobile-fusion-tab-menuc\" href=\"#tab-8b51328eab628c6eb93\"><h4 class=\"fusion-tab-heading\">Menu C<\/h4><\/a><\/li><\/ul><\/div><div class=\"tab-pane fade fusion-clearfix\" role=\"tabpanel\" tabindex=\"0\" aria-labelledby=\"fusion-tab-menuc\" id=\"tab-8b51328eab628c6eb93\">\n<p style=\"text-align: center;\"><strong>Celebration Menu C<\/strong><br \/>\nIf you suffer from intolerance, ask for information on allergens<\/p>\n<p style=\"text-align: center;\"><strong>Starters to share\u00a0on the table &#8230;<\/strong><\/p>\n<p style=\"text-align: center;\">Our &#8220;Braves&#8221;<br \/>\nIberian ham croquettes<br \/>\nTempura aubergines with spicy honey<br \/>\nCold melon cream with Iberian crisps<br \/>\nChicken skewer with Teriyaki sauce<br \/>\nBasket of fried squid in Andalusia<br \/>\nFideu\u00e0 glazed in black garlic and oil<\/p>\n<p style=\"text-align: center;\">(Aperitif served on the terrace with additional drink: + \u20ac 8.5 per diner)<\/p>\n<p style=\"text-align: center;\"><strong>Main course, to choose one for the whole group<\/strong><\/p>\n<p style=\"text-align: center;\">&#8220;Ternasco de Arag\u00f3n&#8221; lamb shoulder roasted with its baked potatoes<\/p>\n<p style=\"text-align: center;\">* * *<br \/>\nGlazed cod in Dutch sauce on candied tomato<\/p>\n<p style=\"text-align: center;\"><strong>Desserts, to choose 1 one for the whole group<\/strong><\/p>\n<p style=\"text-align: center;\">Italian tiramisu with cocoa powder<br \/>\nSeasonal fruit salad with red fruits<br \/>\nBrownie with walnuts and vanilla ice cream<br \/>\nLemon Ice Cream or Mojito<\/p>\n<p style=\"text-align: center;\">&#8230; and a glass of Cava Brut Nature!<\/p>\n<p style=\"text-align: center;\"><strong>Cellar and Drinks<\/strong><\/p>\n<p style=\"text-align: center;\">Wine D.O. Catalonia, White, Rose or Black (1 bottle for every 4 menus)<br \/>\nWater, coffee or infusions<\/p>\n<p style=\"text-align: center;\"><strong>\u00a0Price per person: 44 \u20ac VAT inc.<\/strong><\/p>\n<\/div><div class=\"nav fusion-mobile-tab-nav\"><ul class=\"nav-tabs nav-justified\" role=\"tablist\"><li role=\"presentation\"><a class=\"tab-link\" data-toggle=\"tab\" role=\"tab\" aria-controls=\"tab-a4d0dc99af10986c1b1\" aria-selected=\"false\" tabindex=\"-1\" id=\"mobile-fusion-tab-menud\" href=\"#tab-a4d0dc99af10986c1b1\"><h4 class=\"fusion-tab-heading\">Menu D<\/h4><\/a><\/li><\/ul><\/div><div class=\"tab-pane fade fusion-clearfix\" role=\"tabpanel\" tabindex=\"0\" aria-labelledby=\"fusion-tab-menud\" id=\"tab-a4d0dc99af10986c1b1\">\n<p style=\"text-align: center;\"><strong>Celebration Menu D<\/strong><br \/>\nIf you suffer from intolerance, ask for information on allergens<\/p>\n<p style=\"text-align: center;\"><strong>Starters to sahre\u00a0on the table &#8230;<\/strong><\/p>\n<p style=\"text-align: center;\">Our &#8220;Braves&#8221;<br \/>\nIberian ham croquettes<br \/>\nTempura aubergines with spicy honey<br \/>\nCold melon cream with Iberian crisps<br \/>\nChicken skewer with Teriyaki sauce<br \/>\nBasket of fried squid in Andalusia<br \/>\nFideu\u00e0 glazed in black garlic and oil<br \/>\nPrawned prawns<\/p>\n<p style=\"text-align: center;\">(Aperitif served on the terrace with additional drink: + \u20ac 8.5 per diner)<\/p>\n<p style=\"text-align: center;\"><strong>Main course, to choose 1 for the whole group<\/strong><\/p>\n<p style=\"text-align: center;\">Beef fillet medallions over mushroom sauce and foie<\/p>\n<p style=\"text-align: center;\">* * *<br \/>\nPink monkfish in emerald sauce with salmon caviar<\/p>\n<p style=\"text-align: center;\"><strong>Desserts, to choose 1 one for the whole group<\/strong><\/p>\n<p style=\"text-align: center;\">Italian tiramisu with cocoa powder<br \/>\nSeasonal fruit salad with red fruits<br \/>\nBrownie with walnuts and vanilla ice cream<br \/>\nLemon Ice Cream or Mojito<\/p>\n<p style=\"text-align: center;\">&#8230; and a glass of Cava Brut Nature!<\/p>\n<p style=\"text-align: center;\"><strong>Cellar and Drinks<\/strong><\/p>\n<p style=\"text-align: center;\">Wine D.O. Catalonia, White, Rose or Black (1 bottle for every 4 diners)<br \/>\nWater, coffee or infusions<\/p>\n<p style=\"text-align: center;\"><strong>Price per person: 48 \u20ac VAT inc.<\/strong><\/p>\n<\/div><div class=\"nav fusion-mobile-tab-nav\"><ul class=\"nav-tabs nav-justified\" role=\"tablist\"><li role=\"presentation\"><a class=\"tab-link\" data-toggle=\"tab\" role=\"tab\" aria-controls=\"tab-89d23112bb64783452f\" aria-selected=\"false\" tabindex=\"-1\" id=\"mobile-fusion-tab-menue\" href=\"#tab-89d23112bb64783452f\"><h4 class=\"fusion-tab-heading\">Menu E<\/h4><\/a><\/li><\/ul><\/div><div class=\"tab-pane fade fusion-clearfix\" role=\"tabpanel\" tabindex=\"0\" aria-labelledby=\"fusion-tab-menue\" id=\"tab-89d23112bb64783452f\">\n<p style=\"text-align: center;\"><span id=\"result_box\" lang=\"en\"><strong><span title=\"Bufet Celebraci\u00f3 a la Terrassa \">Buffet Celebration in the terrace<br \/>\n<\/span><\/strong><span title=\"(2 hores duraci\u00f3) \u00a0\"><strong>(2 hours duration)<\/strong><\/span><\/span><\/p>\n<p style=\"text-align: center;\"><span id=\"result_box\" lang=\"en\"><span title=\"(2 hores duraci\u00f3) \u00a0\">THIS IS AN ILLUSTRATIVE MENU, PLEASE CONTACT US TO INFORM YOU WITH LATEST MEN VERSION AND OPTIONS<br \/>\n<strong>\u00a0<\/strong><\/span><span title=\"Servei a la nostre terrassa (o al sal\u00f3 si fa mal temps), beguda i plats presentats en taules bufets repartides per l'espai de la celebraci\u00f3 \"><strong>Service on our terrace<\/strong> (or in the lounge if it&#8217;s bad weather), drink and dishes presented in buffet tables spread over the space of the celebration<\/span><\/span><\/p>\n<p style=\"text-align: center;\"><span title=\"Xips de temporada \u00a0\">Season chips<br \/>\n<\/span><span title=\"Patates Braves brutals \u00a0\">Brutal Potatoes Braves<br \/>\n<\/span><span title=\"Secallona amb pics artesans \u00a0\">Catalan fuet with artisanal peaks<br \/>\n<\/span><span title=\"Amanida C\u00e8sar en got de zurito \u00a0\">Caesar salad in a glass<br \/>\n<\/span><span title=\"Coca de Vic amb pernil ib\u00e8ric \">Coca bread\u00a0with Iberian ham<\/span><\/p>\n<p style=\"text-align: center;\"><span title=\"* * * \">* * *<\/span><\/p>\n<p style=\"text-align: center;\"><span title=\"Mini croquetes d'ib\u00e8ric \u00a0\">Iberic pork mini croquettes<br \/>\n<\/span><span title=\"Calamars a la andalusa \u00a0\">Squid in the Andalusian style<br \/>\n<\/span><span title=\"Brotxeta de pollastre amb salsa Teriyaki \u00a0\">Broiled chicken with Teriyaki sauce<br \/>\n<\/span><span title=\"Botifarra del Vall\u00e8s esclatada amb bolets de temporada \">Botifarra del Vall\u00e8s bursts with seasonal mushrooms<\/span><\/p>\n<p style=\"text-align: center;\"><span title=\"* * * \">* * *<\/span><\/p>\n<p style=\"text-align: center;\"><span title=\"Fideuada de peix i s\u00edpia a la seva paella amb all-i-oli \u00a0\">Fideuada of fish and squid<br \/>\n<\/span><\/p>\n<p style=\"text-align: center;\"><span title=\"Postres \u00a0\"><strong>Desserts<\/strong><br \/>\n<\/span><span title=\"Past\u00eds de Tiramis\u00fa amb pols de cacau \u00a0\">Tiramisu cake with cocoa powder<br \/>\n<\/span><span title=\"Per brindar: una Copa de Cava Brut \u00a0\">A glass of Cava Brut<br \/>\n<\/span><span title=\"OPCIONAL: Xupito licor a la sobretaula (Orujo blanc\/herbes, Poma, Pr\u00e9ssec) (supl. 3 \u20ac) \">OPTIONAL: Xupito liquor on the table (Orujo blanco \/ herbes, Poma, Peaches) (\u20ac 3 supplement)<\/span><\/p>\n<p style=\"text-align: center;\"><span title=\"Celler i Begudes \"><strong>Cellar and Beverages<\/strong><\/span><\/p>\n<p style=\"text-align: center;\"><span title=\"Refrescs, Sucs de fruites, Aig\u00fces minerals \u00a0\">Soft drinks, Fruit juices, Mineral waters<br \/>\n<\/span><span title=\"Cervesa: 1 gerra de 1 L cada 3 comensals \u00a0\">Beer: 1 jar of 1 L each 4 Menus<br \/>\n<\/span><span title=\"Vi DO Conca de Barber\u00e0: 1 ampolla cada 3 comensals \u00a0\">DO wine: 1 bottle per 4 Menus<br \/>\n<\/span><span title=\"Beguda addicional a la especificada al men\u00fa ser\u00e0 facturada a part \">Extra drink to the one specified in the menu will be invoiced separately<\/span><\/p>\n<p style=\"text-align: center;\">\n<\/div><div class=\"nav fusion-mobile-tab-nav\"><ul class=\"nav-tabs nav-justified\" role=\"tablist\"><li role=\"presentation\"><a class=\"tab-link\" data-toggle=\"tab\" role=\"tab\" aria-controls=\"tab-35a9bd735beb219fa0e\" aria-selected=\"false\" tabindex=\"-1\" id=\"mobile-fusion-tab-menuinf\" href=\"#tab-35a9bd735beb219fa0e\"><h4 class=\"fusion-tab-heading\">Menu INF<\/h4><\/a><\/li><\/ul><\/div><div class=\"tab-pane fade fusion-clearfix\" role=\"tabpanel\" tabindex=\"0\" aria-labelledby=\"fusion-tab-menuinf\" id=\"tab-35a9bd735beb219fa0e\">\n<p style=\"text-align: center;\"><strong>Children&#8217;s Enterteinment menu<\/strong><\/p>\n<p style=\"text-align: center;\"><strong>Appetizers to share&#8230;<\/strong><\/p>\n<p style=\"text-align: center;\">Potatoes Chips<br \/>\nOlives stuffed with anchovies<br \/>\nVic sausage with bread<br \/>\nHomemade iberian croquettes<\/p>\n<p style=\"text-align: center;\"><strong>&#8230; and a PRINCIPLE to choose<\/strong><\/p>\n<p style=\"text-align: center;\">Meat cannelloni (3 units)<br \/>\no<br \/>\nChicken breast stuffed with chips<\/p>\n<p style=\"text-align: center;\"><strong>Desserts<\/strong><\/p>\n<p style=\"text-align: center;\">\u00a0Yogurt<br \/>\no<br \/>\nIce cream terrine<\/p>\n<p style=\"text-align: center;\"><strong>Drinks<\/strong><\/p>\n<p style=\"text-align: center;\">Water or soda<\/p>\n<p style=\"text-align: center;\">And then, the children play\u00a0THREE HOURS of children&#8217;s entertainment in the Masia *!<\/p>\n<p style=\"text-align: center;\"><strong>Price for children: 22 \u20ac VAT included<\/strong><\/p>\n<p style=\"text-align: center;\"><span title=\"*El Servei d\u2019animaci\u00f3 \u00e9s per infants de 4 a 10 anys i es realitza a la ludoteca i jard\u00ed de 600 m2 que hem habilitat especialment per ells, de 14:30h a 17:30h els dissabtes, diumenges i festius. \">* The Animation Service is for children from 4 to 10 years old and is carried out in the 600 m2 garden and garden we have specially enabled for them, from 2:30 p.m. to 5:30 p.m. on Saturdays, Sundays and public holidays.<\/span><\/p>\n<p style=\"text-align: center;\"><span title=\"El castell inflable ser\u00e0 habilitat sota el criteri del Director d\u2019Activitats, segons el n\u00famero d\u2019infants, monitors a c\u00e0rrec i la meteorologia. \">The inflatable castle will be enabled according to the Director of Activities, according to the number of children, monitors in charge and meteorology.<\/span><\/p>\n<p style=\"text-align: center;\"><span title=\"Els infants menors de 4 anys podran jugar en aquests espais amb la supervisi\u00f3 dels pares o familiars.\">Children under 4 can play in these areas with the supervision of parents or relatives. <\/span><span title=\"Les nostres monitores, dirigides per la nostra directora de lleure titulada, orientaran als petits en diferents activitats en funci\u00f3 de les edats i nombre de nens que formin el grup.\">Our instructors, led by our titled director of leisure, will guide the children in different activities according to the ages and number of children that make up the group. <\/span><span title=\"Els nens que proven, repeteixen !!!\">The children that prove, repeat !!!<\/span><\/p>\n<p style=\"text-align: center;\">\n<\/div><\/div><\/div><div class=\"fusion-clearfix\"><\/div><\/div><\/div><\/div><\/div><\/p>\n","protected":false},"excerpt":{"rendered":"","protected":false},"author":1,"featured_media":0,"parent":297,"menu_order":42,"comment_status":"closed","ping_status":"closed","template":"side-navigation.php","meta":{"_monsterinsights_skip_tracking":false,"_monsterinsights_sitenote_active":false,"_monsterinsights_sitenote_note":"","_monsterinsights_sitenote_category":0,"footnotes":""},"class_list":["post-1245","page","type-page","status-publish","hentry"],"_links":{"self":[{"href":"https:\/\/cancortes.com\/en\/wp-json\/wp\/v2\/pages\/1245","targetHints":{"allow":["GET"]}}],"collection":[{"href":"https:\/\/cancortes.com\/en\/wp-json\/wp\/v2\/pages"}],"about":[{"href":"https:\/\/cancortes.com\/en\/wp-json\/wp\/v2\/types\/page"}],"author":[{"embeddable":true,"href":"https:\/\/cancortes.com\/en\/wp-json\/wp\/v2\/users\/1"}],"replies":[{"embeddable":true,"href":"https:\/\/cancortes.com\/en\/wp-json\/wp\/v2\/comments?post=1245"}],"version-history":[{"count":37,"href":"https:\/\/cancortes.com\/en\/wp-json\/wp\/v2\/pages\/1245\/revisions"}],"predecessor-version":[{"id":8092,"href":"https:\/\/cancortes.com\/en\/wp-json\/wp\/v2\/pages\/1245\/revisions\/8092"}],"up":[{"embeddable":true,"href":"https:\/\/cancortes.com\/en\/wp-json\/wp\/v2\/pages\/297"}],"wp:attachment":[{"href":"https:\/\/cancortes.com\/en\/wp-json\/wp\/v2\/media?parent=1245"}],"curies":[{"name":"wp","href":"https:\/\/api.w.org\/{rel}","templated":true}]}}